{"id":4160,"date":"2023-11-05T19:36:31","date_gmt":"2023-11-05T19:36:31","guid":{"rendered":"https:\/\/bioresis.com\/policy-privacy\/"},"modified":"2023-11-05T19:38:01","modified_gmt":"2023-11-05T19:38:01","slug":"policy-privacy","status":"publish","type":"page","link":"https:\/\/bioresis.com\/zh\/policy-privacy\/","title":{"rendered":"Policy Privacy"},"content":{"rendered":"<div data-elementor-type=\"wp-page\" data-elementor-id=\"4160\" class=\"elementor elementor-4160\" data-elementor-post-type=\"page\">\n\t\t\t\t\t\t<section class=\"elementor-section elementor-top-section elementor-element elementor-element-2748a93d elementor-section-boxed elementor-section-height-default elementor-section-height-default\" data-id=\"2748a93d\" data-element_type=\"section\">\n\t\t\t\t\t\t<div class=\"elementor-container elementor-column-gap-default\">\n\t\t\t\t\t<div class=\"elementor-column elementor-col-100 elementor-top-column elementor-element elementor-element-353f8e09\" data-id=\"353f8e09\" data-element_type=\"column\">\n\t\t\t<div class=\"elementor-widget-wrap elementor-element-populated\">\n\t\t\t\t\t\t<div class=\"elementor-element elementor-element-375e388f elementor-widget elementor-widget-text-editor\" data-id=\"375e388f\" data-element_type=\"widget\" data-widget_type=\"text-editor.default\">\n\t\t\t\t<div class=\"elementor-widget-container\">\n\t\t\t\t\t\t\t\t\t<h3>Aviso Legal<\/h3><p>La siguiente informaci\u00f3n regula el uso del sitio web de BIORESIS SDN BHD (en adelante, &#8220;la Empresa&#8221;). La utilizaci\u00f3n del sitio web implica la aceptaci\u00f3n plena y sin reservas de todas y cada una de las disposiciones incluidas en este Aviso Legal en el momento en que el usuario accede al sitio web.<\/p><ol><li><p>Titularidad del sitio web El titular del sitio web es BIORESIS SDN BHD, con domicilio social en 1A, Jalan Greentown 4, Greentown Nova, 30450 Ipoh Perak Darul Ridzuan, Malaysia.<\/p><\/li><li><p>Propiedad intelectual Todos los derechos de propiedad intelectual del contenido de este sitio web y su dise\u00f1o gr\u00e1fico son propiedad exclusiva de la Empresa y est\u00e1n protegidos por la legislaci\u00f3n malaya e internacional sobre propiedad intelectual e industrial.<\/p><\/li><\/ol><p>Queda expresamente prohibida la reproducci\u00f3n total o parcial de este sitio web, ni su tratamiento inform\u00e1tico, ni su distribuci\u00f3n, ni su comunicaci\u00f3n p\u00fablica, ni su modificaci\u00f3n, ni su transformaci\u00f3n, sin la autorizaci\u00f3n previa y por escrito de la Empresa.<\/p><ol start=\"3\"><li>Contenido del sitio web y enlaces En la Empresa no nos hacemos responsables del mal uso que se haga de los contenidos de nuestro sitio web, siendo exclusiva responsabilidad de la persona que accede a ellos o los utiliza.<\/li><\/ol><p>En este sitio web se pueden incluir enlaces a sitios web de terceros, que se proporcionan \u00fanicamente como una conveniencia para el usuario. La Empresa no se hace responsable del contenido de estos sitios web de terceros ni de las posibles consecuencias que puedan derivarse del acceso a ellos.<\/p><ol start=\"4\"><li>Protecci\u00f3n de datos personales En cumplimiento de lo establecido en la normativa de protecci\u00f3n de datos de car\u00e1cter personal, la Empresa informa a los usuarios que los datos personales que se recogen a trav\u00e9s del sitio web ser\u00e1n incorporados a un fichero automatizado del que es responsable la Empresa con la finalidad de gestionar las solicitudes de informaci\u00f3n y contacto con la empresa.<\/li><\/ol><p>Los usuarios pueden ejercer sus derechos de acceso, rectificaci\u00f3n, cancelaci\u00f3n y oposici\u00f3n mediante comunicaci\u00f3n escrita dirigida a la direcci\u00f3n postal de la Empresa antes mencionada, acreditando su identidad.<\/p><ol start=\"5\"><li><p>Modificaciones del Aviso Legal La Empresa se reserva el derecho de modificar en cualquier momento y sin necesidad de previo aviso las disposiciones contenidas en este Aviso Legal, por lo que se recomienda al usuario su lectura peri\u00f3dica.<\/p><\/li><li><p>Ley aplicable y jurisdicci\u00f3n La ley aplicable en caso de disputa o conflicto de interpretaci\u00f3n de los t\u00e9rminos que conforman este Aviso Legal, as\u00ed como cualquier cuesti\u00f3n relacionada con los servicios ofrecidos en este sitio web, ser\u00e1 la ley malaya.<\/p><\/li><\/ol><p>Para la resoluci\u00f3n de cualquier controversia que pudiera derivarse del acceso o uso del sitio web, la Empresa y el usuario acuerdan someterse a los Juzgados y Tribunales de Ipoh, Perak, renunciando a cualquier otro fuero que pudiera corresponderles.<\/p>\t\t\t\t\t\t\t\t<\/div>\n\t\t\t\t<\/div>\n\t\t\t\t\t<\/div>\n\t\t<\/div>\n\t\t\t\t\t<\/div>\n\t\t<\/section>\n\t\t\t\t<\/div>","protected":false},"excerpt":{"rendered":"<p>Aviso Legal La siguiente informaci\u00f3n regula el uso del sitio web de BIORESIS SDN BHD (en adelante, &#8220;la Empresa&#8221;). La utilizaci\u00f3n del sitio web implica la aceptaci\u00f3n plena y sin reservas de todas y cada una de las disposiciones incluidas en este Aviso Legal en el momento en que el usuario accede al sitio web. [&hellip;]<\/p>","protected":false},"author":2,"featured_media":0,"parent":0,"menu_order":0,"comment_status":"closed","ping_status":"closed","template":"","meta":{"footnotes":""},"class_list":["post-4160","page","type-page","status-publish","hentry"],"yoast_head":"<!-- This site is optimized with the Yoast SEO plugin v24.6 - https:\/\/yoast.com\/wordpress\/plugins\/seo\/ -->\n<title>Policy Privacy - Bioresis<\/title>\n<meta name=\"robots\" content=\"index, follow, max-snippet:-1, max-image-preview:large, max-video-preview:-1\" \/>\n<link rel=\"canonical\" href=\"https:\/\/bioresis.com\/zh\/policy-privacy\/\" \/>\n<meta property=\"og:locale\" content=\"zh_CN\" \/>\n<meta property=\"og:type\" content=\"article\" \/>\n<meta property=\"og:title\" content=\"Policy Privacy - Bioresis\" \/>\n<meta property=\"og:description\" content=\"Aviso Legal La siguiente informaci\u00f3n regula el uso del sitio web de BIORESIS SDN BHD (en adelante, &#8220;la Empresa&#8221;). La utilizaci\u00f3n del sitio web implica la aceptaci\u00f3n plena y sin reservas de todas y cada una de las disposiciones incluidas en este Aviso Legal en el momento en que el usuario accede al sitio web. [&hellip;]\" \/>\n<meta property=\"og:url\" content=\"https:\/\/bioresis.com\/zh\/policy-privacy\/\" \/>\n<meta property=\"og:site_name\" content=\"Bioresis\" \/>\n<meta property=\"article:modified_time\" content=\"2023-11-05T19:38:01+00:00\" \/>\n<meta name=\"twitter:card\" content=\"summary_large_image\" \/>\n<meta name=\"twitter:label1\" content=\"\u9884\u8ba1\u9605\u8bfb\u65f6\u95f4\" \/>\n\t<meta name=\"twitter:data1\" content=\"2 \u5206\" \/>\n<script type=\"application\/ld+json\" class=\"yoast-schema-graph\">{\"@context\":\"https:\/\/schema.org\",\"@graph\":[{\"@type\":\"WebPage\",\"@id\":\"https:\/\/bioresis.com\/policy-privacy\/\",\"url\":\"https:\/\/bioresis.com\/policy-privacy\/\",\"name\":\"Policy Privacy - Bioresis\",\"isPartOf\":{\"@id\":\"https:\/\/bioresis.com\/#website\"},\"datePublished\":\"2023-11-05T19:36:31+00:00\",\"dateModified\":\"2023-11-05T19:38:01+00:00\",\"breadcrumb\":{\"@id\":\"https:\/\/bioresis.com\/policy-privacy\/#breadcrumb\"},\"inLanguage\":\"zh-Hans\",\"potentialAction\":[{\"@type\":\"ReadAction\",\"target\":[\"https:\/\/bioresis.com\/policy-privacy\/\"]}]},{\"@type\":\"BreadcrumbList\",\"@id\":\"https:\/\/bioresis.com\/policy-privacy\/#breadcrumb\",\"itemListElement\":[{\"@type\":\"ListItem\",\"position\":1,\"name\":\"Home\",\"item\":\"https:\/\/bioresis.com\/\"},{\"@type\":\"ListItem\",\"position\":2,\"name\":\"Policy Privacy\"}]},{\"@type\":\"WebSite\",\"@id\":\"https:\/\/bioresis.com\/#website\",\"url\":\"https:\/\/bioresis.com\/\",\"name\":\"Bioresis\",\"description\":\"Bioresis\",\"publisher\":{\"@id\":\"https:\/\/bioresis.com\/#organization\"},\"potentialAction\":[{\"@type\":\"SearchAction\",\"target\":{\"@type\":\"EntryPoint\",\"urlTemplate\":\"https:\/\/bioresis.com\/?s={search_term_string}\"},\"query-input\":{\"@type\":\"PropertyValueSpecification\",\"valueRequired\":true,\"valueName\":\"search_term_string\"}}],\"inLanguage\":\"zh-Hans\"},{\"@type\":\"Organization\",\"@id\":\"https:\/\/bioresis.com\/#organization\",\"name\":\"Bioresis\",\"url\":\"https:\/\/bioresis.com\/\",\"logo\":{\"@type\":\"ImageObject\",\"inLanguage\":\"zh-Hans\",\"@id\":\"https:\/\/bioresis.com\/#\/schema\/logo\/image\/\",\"url\":\"https:\/\/bioresis.com\/wp-content\/uploads\/2023\/11\/bioresis-logo-2.png\",\"contentUrl\":\"https:\/\/bioresis.com\/wp-content\/uploads\/2023\/11\/bioresis-logo-2.png\",\"width\":4831,\"height\":2471,\"caption\":\"Bioresis\"},\"image\":{\"@id\":\"https:\/\/bioresis.com\/#\/schema\/logo\/image\/\"}}]}<\/script>\n<!-- \/ Yoast SEO plugin. -->","yoast_head_json":{"title":"Policy Privacy - Bioresis","robots":{"index":"index","follow":"follow","max-snippet":"max-snippet:-1","max-image-preview":"max-image-preview:large","max-video-preview":"max-video-preview:-1"},"canonical":"https:\/\/bioresis.com\/zh\/policy-privacy\/","og_locale":"zh_CN","og_type":"article","og_title":"Policy Privacy - Bioresis","og_description":"Aviso Legal La siguiente informaci\u00f3n regula el uso del sitio web de BIORESIS SDN BHD (en adelante, &#8220;la Empresa&#8221;). La utilizaci\u00f3n del sitio web implica la aceptaci\u00f3n plena y sin reservas de todas y cada una de las disposiciones incluidas en este Aviso Legal en el momento en que el usuario accede al sitio web. [&hellip;]","og_url":"https:\/\/bioresis.com\/zh\/policy-privacy\/","og_site_name":"Bioresis","article_modified_time":"2023-11-05T19:38:01+00:00","twitter_card":"summary_large_image","twitter_misc":{"\u9884\u8ba1\u9605\u8bfb\u65f6\u95f4":"2 \u5206"},"schema":{"@context":"https:\/\/schema.org","@graph":[{"@type":"WebPage","@id":"https:\/\/bioresis.com\/policy-privacy\/","url":"https:\/\/bioresis.com\/policy-privacy\/","name":"Policy Privacy - Bioresis","isPartOf":{"@id":"https:\/\/bioresis.com\/#website"},"datePublished":"2023-11-05T19:36:31+00:00","dateModified":"2023-11-05T19:38:01+00:00","breadcrumb":{"@id":"https:\/\/bioresis.com\/policy-privacy\/#breadcrumb"},"inLanguage":"zh-Hans","potentialAction":[{"@type":"ReadAction","target":["https:\/\/bioresis.com\/policy-privacy\/"]}]},{"@type":"BreadcrumbList","@id":"https:\/\/bioresis.com\/policy-privacy\/#breadcrumb","itemListElement":[{"@type":"ListItem","position":1,"name":"Home","item":"https:\/\/bioresis.com\/"},{"@type":"ListItem","position":2,"name":"Policy Privacy"}]},{"@type":"WebSite","@id":"https:\/\/bioresis.com\/#website","url":"https:\/\/bioresis.com\/","name":"Bioresis","description":"Bioresis","publisher":{"@id":"https:\/\/bioresis.com\/#organization"},"potentialAction":[{"@type":"SearchAction","target":{"@type":"EntryPoint","urlTemplate":"https:\/\/bioresis.com\/?s={search_term_string}"},"query-input":{"@type":"PropertyValueSpecification","valueRequired":true,"valueName":"search_term_string"}}],"inLanguage":"zh-Hans"},{"@type":"Organization","@id":"https:\/\/bioresis.com\/#organization","name":"Bioresis","url":"https:\/\/bioresis.com\/","logo":{"@type":"ImageObject","inLanguage":"zh-Hans","@id":"https:\/\/bioresis.com\/#\/schema\/logo\/image\/","url":"https:\/\/bioresis.com\/wp-content\/uploads\/2023\/11\/bioresis-logo-2.png","contentUrl":"https:\/\/bioresis.com\/wp-content\/uploads\/2023\/11\/bioresis-logo-2.png","width":4831,"height":2471,"caption":"Bioresis"},"image":{"@id":"https:\/\/bioresis.com\/#\/schema\/logo\/image\/"}}]}},"_links":{"self":[{"href":"https:\/\/bioresis.com\/zh\/wp-json\/wp\/v2\/pages\/4160","targetHints":{"allow":["GET"]}}],"collection":[{"href":"https:\/\/bioresis.com\/zh\/wp-json\/wp\/v2\/pages"}],"about":[{"href":"https:\/\/bioresis.com\/zh\/wp-json\/wp\/v2\/types\/page"}],"author":[{"embeddable":true,"href":"https:\/\/bioresis.com\/zh\/wp-json\/wp\/v2\/users\/2"}],"replies":[{"embeddable":true,"href":"https:\/\/bioresis.com\/zh\/wp-json\/wp\/v2\/comments?post=4160"}],"version-history":[{"count":0,"href":"https:\/\/bioresis.com\/zh\/wp-json\/wp\/v2\/pages\/4160\/revisions"}],"wp:attachment":[{"href":"https:\/\/bioresis.com\/zh\/wp-json\/wp\/v2\/media?parent=4160"}],"curies":[{"name":"wp","href":"https:\/\/api.w.org\/{rel}","templated":true}]}}