{"id":4534,"date":"2023-11-05T20:11:25","date_gmt":"2023-11-05T20:11:25","guid":{"rendered":"https:\/\/bioresis.com\/golf-supplement-2\/"},"modified":"2023-11-06T13:49:34","modified_gmt":"2023-11-06T13:49:34","slug":"golf-supplement","status":"publish","type":"page","link":"https:\/\/bioresis.com\/es\/golf-supplement\/","title":{"rendered":"Golf Supplement"},"content":{"rendered":"<div data-elementor-type=\"wp-page\" data-elementor-id=\"4534\" class=\"elementor elementor-4534\" data-elementor-post-type=\"page\">\n\t\t\t\t\t\t<section class=\"elementor-section elementor-top-section elementor-element elementor-element-45bbaffa elementor-section-full_width elementor-section-height-min-height elementor-section-items-stretch elementor-section-content-middle elementor-reverse-mobile elementor-reverse-tablet elementor-section-height-default\" data-id=\"45bbaffa\" data-element_type=\"section\">\n\t\t\t\t\t\t<div class=\"elementor-container elementor-column-gap-no\">\n\t\t\t\t\t<div class=\"elementor-column elementor-col-50 elementor-top-column elementor-element elementor-element-7f0b4f15\" data-id=\"7f0b4f15\" data-element_type=\"column\">\n\t\t\t<div class=\"elementor-widget-wrap elementor-element-populated\">\n\t\t\t\t\t\t<div class=\"elementor-element elementor-element-7d592668 animated-fast elementor-invisible elementor-widget elementor-widget-heading\" data-id=\"7d592668\" data-element_type=\"widget\" data-settings=\"{&quot;_animation&quot;:&quot;fadeIn&quot;}\" data-widget_type=\"heading.default\">\n\t\t\t\t<div class=\"elementor-widget-container\">\n\t\t\t\t\t<h1 class=\"elementor-heading-title elementor-size-default\">Suplemento de golf: la soluci\u00f3n totalmente natural para un rendimiento corporal \u00f3ptimo<\/h1>\t\t\t\t<\/div>\n\t\t\t\t<\/div>\n\t\t\t\t<div class=\"elementor-element elementor-element-1aaa6cf4 elementor-invisible elementor-widget elementor-widget-text-editor\" data-id=\"1aaa6cf4\" data-element_type=\"widget\" data-settings=\"{&quot;_animation&quot;:&quot;fadeIn&quot;}\" data-widget_type=\"text-editor.default\">\n\t\t\t\t<div class=\"elementor-widget-container\">\n\t\t\t\t\t\t\t\t\t<p class=\"translation-block\">Hoy en d\u00eda existen multitud de complementos diet\u00e9ticos y deportivos disponibles en el mercado. Es dif\u00edcil elegir el que sea adecuado para usted porque todos afirman ser especiales o de alguna manera los mejores, pero carecen de sustancia para respaldar sus afirmaciones. Un programa especializado de nutrici\u00f3n y suplementaci\u00f3n es muy importante para que los golfistas, culturistas, atletas y entusiastas del fitness se mantengan en \u00f3ptimas condiciones. AHORA, nos complace presentarle nuestro\u00a0<strong>Suplemento de golf BIORESIS Organic Beta-Matrix Complex\u2122.<\/strong><\/p>\t\t\t\t\t\t\t\t<\/div>\n\t\t\t\t<\/div>\n\t\t\t\t\t<\/div>\n\t\t<\/div>\n\t\t\t\t<div class=\"elementor-column elementor-col-50 elementor-top-column elementor-element elementor-element-7e299190 elementor-hidden-tablet elementor-hidden-mobile\" data-id=\"7e299190\" data-element_type=\"column\" data-settings=\"{&quot;background_background&quot;:&quot;classic&quot;}\">\n\t\t\t<div class=\"elementor-widget-wrap elementor-element-populated\">\n\t\t\t\t\t\t<div class=\"elementor-element elementor-element-42d4f775 elementor-widget elementor-widget-spacer\" data-id=\"42d4f775\" data-element_type=\"widget\" data-widget_type=\"spacer.default\">\n\t\t\t\t<div class=\"elementor-widget-container\">\n\t\t\t\t\t\t\t<div class=\"elementor-spacer\">\n\t\t\t<div class=\"elementor-spacer-inner\"><\/div>\n\t\t<\/div>\n\t\t\t\t\t\t<\/div>\n\t\t\t\t<\/div>\n\t\t\t\t\t<\/div>\n\t\t<\/div>\n\t\t\t\t\t<\/div>\n\t\t<\/section>\n\t\t\t\t<section class=\"elementor-section elementor-top-section elementor-element elementor-element-4b1747f7 elementor-section-full_width elementor-section-height-min-height elementor-section-items-stretch elementor-section-content-middle elementor-section-height-default\" data-id=\"4b1747f7\" data-element_type=\"section\" id=\"about\">\n\t\t\t\t\t\t<div class=\"elementor-container elementor-column-gap-no\">\n\t\t\t\t\t<div class=\"elementor-column elementor-col-50 elementor-top-column elementor-element elementor-element-50e28fb1\" data-id=\"50e28fb1\" data-element_type=\"column\" data-settings=\"{&quot;background_background&quot;:&quot;classic&quot;}\">\n\t\t\t<div class=\"elementor-widget-wrap elementor-element-populated\">\n\t\t\t\t\t\t<div class=\"elementor-element elementor-element-14421701 elementor-widget elementor-widget-spacer\" data-id=\"14421701\" data-element_type=\"widget\" data-widget_type=\"spacer.default\">\n\t\t\t\t<div class=\"elementor-widget-container\">\n\t\t\t\t\t\t\t<div class=\"elementor-spacer\">\n\t\t\t<div class=\"elementor-spacer-inner\"><\/div>\n\t\t<\/div>\n\t\t\t\t\t\t<\/div>\n\t\t\t\t<\/div>\n\t\t\t\t\t<\/div>\n\t\t<\/div>\n\t\t\t\t<div class=\"elementor-column elementor-col-50 elementor-top-column elementor-element elementor-element-682d3f63\" data-id=\"682d3f63\" data-element_type=\"column\">\n\t\t\t<div class=\"elementor-widget-wrap elementor-element-populated\">\n\t\t\t\t\t\t<div class=\"elementor-element elementor-element-2b2c5fce elementor-invisible elementor-widget elementor-widget-heading\" data-id=\"2b2c5fce\" data-element_type=\"widget\" data-settings=\"{&quot;_animation&quot;:&quot;fadeInUp&quot;,&quot;_animation_mobile&quot;:&quot;none&quot;}\" data-widget_type=\"heading.default\">\n\t\t\t\t<div class=\"elementor-widget-container\">\n\t\t\t\t\t<h2 class=\"elementor-heading-title elementor-size-default\">Bienestar natural de alta potencia, suplemento deportivo de calidad de vida sin drogas.<\/h2>\t\t\t\t<\/div>\n\t\t\t\t<\/div>\n\t\t\t\t<div class=\"elementor-element elementor-element-135bfe5c elementor-invisible elementor-widget elementor-widget-text-editor\" data-id=\"135bfe5c\" data-element_type=\"widget\" data-settings=\"{&quot;_animation&quot;:&quot;fadeIn&quot;}\" data-widget_type=\"text-editor.default\">\n\t\t\t\t<div class=\"elementor-widget-container\">\n\t\t\t\t\t\t\t\t\t<p class=\"translation-block\"><strong><span style=\"color: var( --e-global-color-5241bff )\">BIORESIS Org\u00e1nico<\/span><span style=\"color: var( --e-global-color-5241bff )\"> Beta-Matrix Suplemento de golf Complex\u2122<\/span><\/strong><span style=\"color: var( --e-global-color-5241bff );background-color: var( --e-global-color-text )\">, es un suplemento deportivo totalmente natural de alta potencia para el bienestar y la calidad de vida, sin drogas, no contiene aditivos nocivos. Se est\u00e1 descubriendo un ingrediente seguro como la planta. y extracto de hongo dise\u00f1ado para proporcionar a las personas orientadas al fitness una alta concentraci\u00f3n espec\u00edfica de polisac\u00e1ridos, beta 1,3-D glucano, beta 1,6-D glucano, ergosteroles, \u00e1cido linoleico, \u00e1cido palmitor\u00e9nico, vitamina B6, vitamina B12, enzimas, antioxidantes, alcaloides y suplementos minerales para obtener resultados m\u00e1ximos sostenibles.<\/span><\/p>\t\t\t\t\t\t\t\t<\/div>\n\t\t\t\t<\/div>\n\t\t\t\t\t<\/div>\n\t\t<\/div>\n\t\t\t\t\t<\/div>\n\t\t<\/section>\n\t\t\t\t<section class=\"elementor-section elementor-top-section elementor-element elementor-element-2ddfd3ae elementor-section-height-min-height elementor-section-boxed elementor-section-height-default elementor-section-items-middle\" data-id=\"2ddfd3ae\" data-element_type=\"section\" data-settings=\"{&quot;background_background&quot;:&quot;classic&quot;}\">\n\t\t\t\t\t\t<div class=\"elementor-container elementor-column-gap-default\">\n\t\t\t\t\t<div class=\"elementor-column elementor-col-100 elementor-top-column elementor-element elementor-element-2699b26a\" data-id=\"2699b26a\" data-element_type=\"column\">\n\t\t\t<div class=\"elementor-widget-wrap elementor-element-populated\">\n\t\t\t\t\t\t<div class=\"elementor-element elementor-element-1f10b29 elementor-widget elementor-widget-text-editor\" data-id=\"1f10b29\" data-element_type=\"widget\" data-widget_type=\"text-editor.default\">\n\t\t\t\t<div class=\"elementor-widget-container\">\n\t\t\t\t\t\t\t\t\t<p class=\"translation-block\"><strong>BIORESIS Organic Beta-Matrix Complex\u2122<\/strong> <strong>Suplemento de Golf<\/strong> mejora la funci\u00f3n metab\u00f3lica, los procesos de reparaci\u00f3n celular y la s\u00edntesis de prote\u00ednas. Los ingredientes del <strong>Suplemento de golf BIORESIS Organic Beta-Matrix Complex\u2122<\/strong> poseen propiedades antioxidantes que erradican las toxinas presentes en el cuerpo y, por lo tanto, mejoran el sistema inmunol\u00f3gico y estimulan la propia m\u00e9dula \u00f3sea para producir nuevas c\u00e9lulas madre adultas que se transfieren a lo largo de todo el cuerpo. cuerpo humano a trav\u00e9s del torrente sangu\u00edneo reparando c\u00e9lulas da\u00f1adas.<\/p>\t\t\t\t\t\t\t\t<\/div>\n\t\t\t\t<\/div>\n\t\t\t\t\t<\/div>\n\t\t<\/div>\n\t\t\t\t\t<\/div>\n\t\t<\/section>\n\t\t\t\t<section class=\"elementor-section elementor-top-section elementor-element elementor-element-c1ff311 elementor-section-height-min-height elementor-section-boxed elementor-section-height-default elementor-section-items-middle\" data-id=\"c1ff311\" data-element_type=\"section\">\n\t\t\t\t\t\t<div class=\"elementor-container elementor-column-gap-default\">\n\t\t\t\t\t<div class=\"elementor-column elementor-col-100 elementor-top-column elementor-element elementor-element-35db2883\" data-id=\"35db2883\" data-element_type=\"column\">\n\t\t\t<div class=\"elementor-widget-wrap elementor-element-populated\">\n\t\t\t\t\t\t<div class=\"elementor-element elementor-element-1c8a7efc elementor-invisible elementor-widget elementor-widget-heading\" data-id=\"1c8a7efc\" data-element_type=\"widget\" data-settings=\"{&quot;_animation&quot;:&quot;fadeInUp&quot;}\" data-widget_type=\"heading.default\">\n\t\t\t\t<div class=\"elementor-widget-container\">\n\t\t\t\t\t<h2 class=\"elementor-heading-title elementor-size-default\">Nuestras investigaciones<\/h2>\t\t\t\t<\/div>\n\t\t\t\t<\/div>\n\t\t\t\t<div class=\"elementor-element elementor-element-26ba15d elementor-widget elementor-widget-text-editor\" data-id=\"26ba15d\" data-element_type=\"widget\" data-widget_type=\"text-editor.default\">\n\t\t\t\t<div class=\"elementor-widget-container\">\n\t\t\t\t\t\t\t\t\t<p class=\"translation-block\"><span id=\"u12830-18\" style=\"color: var( --e-global-color-5241bff )\"><strong> BIORESIS Organic Beta-Matrix Complex\u2122<\/strong> <strong>Suplemento de golf<\/strong><\/span><span style=\"color: var( --e-global-color-5241bff );font-family: var( --e-global-typography-text-font-family ), Sans-serif;background-color: var( --e-global-color-text )\">\u00a0dise\u00f1ado cient\u00edficamente para respaldar la funci\u00f3n muscular del cuerpo durante toda la ronda, promover la claridad mental y la concentraci\u00f3n. Puede mejorar la fuerza, la resistencia, una mayor atenci\u00f3n y concentraci\u00f3n, y la calidad. del sue\u00f1o, tama\u00f1o de los m\u00fasculos, aumenta los niveles de aptitud cardiovascular, ayuda a reducir los niveles de estr\u00e9s y mejora la memoria.<\/span><\/p><h3>Dise\u00f1ado para trabajar en armon\u00eda con el cuerpo.<\/h3><p>Este complemento deportivo est\u00e1 dise\u00f1ado para trabajar en armon\u00eda con el cuerpo, mejorando de forma suave pero eficaz no s\u00f3lo el rendimiento, sino la salud y el bienestar general de deportistas y no deportistas de cualquier nivel. Este es un suplemento deportivo perfecto para aquellos que quieren sentirse con energ\u00eda durante todo el d\u00eda pero quieren evitar los peligros y efectos secundarios no deseados de los estimulantes.<\/p><p class=\"translation-block\">Todos los atletas sufren lesiones de vez en cuando. <strong><span id=\"u12830-26\">El suplemento de golf BIORESIS Organic Beta-Matrix Complex\u2122<\/span><\/strong>\u00a0contiene ingredientes como los betaglucanos (derivados de los hongos) que pueden acelerar el proceso de curaci\u00f3n. Tiene una larga historia de ayudar al proceso de curaci\u00f3n sin causar efectos no deseados, ayuda a mantener un peso saludable y combate los efectos del envejecimiento al desalentar la descomposici\u00f3n celular y la degradaci\u00f3n del ADN. El <strong>Suplemento de golf Bioresis Organic Beta-Matrix Complex\u2122<\/strong> es un buen ejemplo del tipo de suplementos que tienen efectos muy positivos m\u00e1s all\u00e1 del estado f\u00edsico y el rendimiento \u00f3ptimos.<\/p><h3>Superar\u00e1 las condiciones m\u00e1s duras del campo.<\/h3><p class=\"translation-block\"><strong><span id=\"u12830-30\">Suplemento de golf BIORESIS Organic Beta-Matrix Complex\u2122<\/span><\/strong> impulsar\u00e1 al golfista en las condiciones m\u00e1s duras del campo, proporcionando energ\u00eda para sus m\u00fasculos y alimentando su mente para alcanzar el m\u00e1ximo nivel. claridad mental para ayudarte a mantenerte concentrado durante 18 hoyos y jugar lo mejor que puedas de manera consistente. Ayuda a reponer los componentes b\u00e1sicos que tu cuerpo necesita para revitalizar la energ\u00eda muscular y mantenerte fuerte durante todo el juego.<\/p><p class=\"translation-block\">Tome\u00a0<strong><span id=\"u12830-35\">Suplemento de golf BIORESIS Organic Beta-Matrix Complex\u2122<\/span><\/strong>\u00a0antes de jugar para obtener un impulso r\u00e1pido de fuerza sostenida. Es una forma r\u00e1pida de alimentar el potencial muscular, mantenerse mentalmente concentrado y mantener la consistencia desde el primer tee hasta el \u00faltimo putt.<\/p>\t\t\t\t\t\t\t\t<\/div>\n\t\t\t\t<\/div>\n\t\t\t\t\t<\/div>\n\t\t<\/div>\n\t\t\t\t\t<\/div>\n\t\t<\/section>\n\t\t\t\t<section class=\"elementor-section elementor-top-section elementor-element elementor-element-2486d300 elementor-section-full_width elementor-section-height-min-height elementor-section-items-stretch elementor-section-content-middle elementor-section-height-default\" data-id=\"2486d300\" data-element_type=\"section\">\n\t\t\t\t\t\t<div class=\"elementor-container elementor-column-gap-no\">\n\t\t\t\t\t<div class=\"elementor-column elementor-col-100 elementor-top-column elementor-element elementor-element-170220c2\" data-id=\"170220c2\" data-element_type=\"column\" data-settings=\"{&quot;background_background&quot;:&quot;classic&quot;,&quot;motion_fx_motion_fx_scrolling&quot;:&quot;yes&quot;,&quot;motion_fx_translateY_effect&quot;:&quot;yes&quot;,&quot;motion_fx_translateY_direction&quot;:&quot;negative&quot;,&quot;motion_fx_translateY_speed&quot;:{&quot;unit&quot;:&quot;px&quot;,&quot;size&quot;:&quot;1.1&quot;,&quot;sizes&quot;:[]},&quot;motion_fx_devices&quot;:[&quot;desktop&quot;],&quot;motion_fx_translateY_affectedRange&quot;:{&quot;unit&quot;:&quot;%&quot;,&quot;size&quot;:&quot;&quot;,&quot;sizes&quot;:{&quot;start&quot;:0,&quot;end&quot;:100}}}\">\n\t\t\t<div class=\"elementor-widget-wrap elementor-element-populated\">\n\t\t\t\t\t\t<div class=\"elementor-element elementor-element-486baddd elementor-invisible elementor-widget elementor-widget-heading\" data-id=\"486baddd\" data-element_type=\"widget\" data-settings=\"{&quot;_animation&quot;:&quot;fadeInUp&quot;}\" data-widget_type=\"heading.default\">\n\t\t\t\t<div class=\"elementor-widget-container\">\n\t\t\t\t\t<h2 class=\"elementor-heading-title elementor-size-default\">El suplemento de golf BIORESIS Organic Beta-Matrix Complex\u2122 ayuda a:<\/h2>\t\t\t\t<\/div>\n\t\t\t\t<\/div>\n\t\t\t\t<div class=\"elementor-element elementor-element-1140bdb9 elementor-invisible elementor-widget elementor-widget-text-editor\" data-id=\"1140bdb9\" data-element_type=\"widget\" data-settings=\"{&quot;_animation&quot;:&quot;fadeIn&quot;}\" data-widget_type=\"text-editor.default\">\n\t\t\t\t<div class=\"elementor-widget-container\">\n\t\t\t\t\t\t\t\t\t<p>\u2013 Aumento del rendimiento, fuerza y m\u00fasculo, energ\u00eda, resistencia<\/p><p>\u2013 M\u00e1s concentraci\u00f3n y alerta mental<\/p><p>\u2013 Mejora de la memoria y la concentraci\u00f3n<\/p><p>\u2013 Mejorar el estado de bienestar<\/p><p>\u2013 Tiempos de curaci\u00f3n y recuperaci\u00f3n m\u00e1s r\u00e1pidos<\/p><p>\u2013 Reducci\u00f3n de los niveles de estr\u00e9s y depresi\u00f3n.<\/p><p>\u2013 Sue\u00f1o m\u00e1s profundo y reparador. Despertarse sin somnolencia<\/p><p>\u2013 Control de peso seguro y saludable<\/p><p>\u2013 Ingredientes antienvejecimiento<\/p><p>\u2013 Una vida sexual activa y saludable<\/p><p>\u2013 Aumentar el metabolismo<\/p><p>\u2013 Capacidad para reclutar c\u00e9lulas madre<\/p><p>\u2013 Rejuvenecer y reparar<\/p><p>\u2013 Recuperar una apariencia juvenil m\u00e1s joven<\/p><p>\u2013 Aumenta tu recuperaci\u00f3n del entrenamiento<\/p><p>\u2013 Entrenamiento con menos fatiga<\/p><p>\u2013 Mejor salud general<\/p>\t\t\t\t\t\t\t\t<\/div>\n\t\t\t\t<\/div>\n\t\t\t\t\t<\/div>\n\t\t<\/div>\n\t\t\t\t\t<\/div>\n\t\t<\/section>\n\t\t\t\t<section class=\"elementor-section elementor-top-section elementor-element elementor-element-26e907a4 elementor-section-full_width elementor-section-content-top elementor-section-height-default elementor-section-height-default\" data-id=\"26e907a4\" data-element_type=\"section\">\n\t\t\t\t\t\t<div class=\"elementor-container elementor-column-gap-no\">\n\t\t\t\t\t<div class=\"elementor-column elementor-col-100 elementor-top-column elementor-element elementor-element-55fa8a15\" data-id=\"55fa8a15\" data-element_type=\"column\" data-settings=\"{&quot;background_background&quot;:&quot;classic&quot;}\">\n\t\t\t<div class=\"elementor-widget-wrap elementor-element-populated\">\n\t\t\t\t\t\t<div class=\"elementor-element elementor-element-e3c392e elementor-invisible elementor-widget elementor-widget-heading\" data-id=\"e3c392e\" data-element_type=\"widget\" data-settings=\"{&quot;_animation&quot;:&quot;fadeInUp&quot;}\" data-widget_type=\"heading.default\">\n\t\t\t\t<div class=\"elementor-widget-container\">\n\t\t\t\t\t<h2 class=\"elementor-heading-title elementor-size-default\">Caracter\u00edsticas del producto<\/h2>\t\t\t\t<\/div>\n\t\t\t\t<\/div>\n\t\t\t\t<div class=\"elementor-element elementor-element-6cb63665 elementor-widget elementor-widget-text-editor\" data-id=\"6cb63665\" data-element_type=\"widget\" data-widget_type=\"text-editor.default\">\n\t\t\t\t<div class=\"elementor-widget-container\">\n\t\t\t\t\t\t\t\t\t<p>\u2013 Una combinaci\u00f3n de nutrientes esenciales para una mayor concentraci\u00f3n mental y claridad en el tee, en la calle y en el green. Promueve una mayor funci\u00f3n muscular durante toda la ronda.<\/p><p class=\"translation-block\">\u2013 <strong>Beta Glucan 1-3,1-6 del hongo medicinal org\u00e1nico Bioresis<\/strong> ayuda a los atletas por sus efectos curativos y de construcci\u00f3n de tejido muscular, ayuda a reparar los ligamentos; fortalece m\u00fasculos y huesos; mejorar el rendimiento f\u00edsico y aumentar la resistencia; mejora la memoria, la concentraci\u00f3n y la funci\u00f3n cerebral; tambi\u00e9n mejora la concentraci\u00f3n; Vitamina B para reducir los niveles de estr\u00e9s; La vitamina D protege contra la debilidad muscular.<\/p><p>\u2013 Un estudio reciente realizado por el Journal of the International Society of Sport Nutrition proporcion\u00f3 pruebas cient\u00edficas de que los golfistas que tomaron Beta Glucan redujeron sus niveles de estr\u00e9s en el campo y aumentaron significativamente la precisi\u00f3n del vuelo de la pelota.<\/p><p>\u2013 Ingredientes cient\u00edfica y cl\u00ednicamente probados.<\/p><p>\u2013 Inicio de acci\u00f3n inmediato (en 15 minutos).<\/p><p>\u2013 C\u00f3moda dosificaci\u00f3n de 2 c\u00e1psulas.<\/p><p>\u2013 Eficacia superior en comparaci\u00f3n con otros productos.<\/p><p>\u2013 Formulaci\u00f3n totalmente natural.<\/p><p>\u2013 Fabricaci\u00f3n certificada FDA y GMP.<\/p><p>- Sin efectos secundarios.<\/p><p>\u2013 Suplementos de fitness totalmente naturales que brindan gesti\u00f3n metab\u00f3lica y ayudan a lograr una salud y un rendimiento corporal superiores para hombres, mujeres y j\u00f3venes.<\/p>\t\t\t\t\t\t\t\t<\/div>\n\t\t\t\t<\/div>\n\t\t\t\t\t<\/div>\n\t\t<\/div>\n\t\t\t\t\t<\/div>\n\t\t<\/section>\n\t\t\t\t<\/div>","protected":false},"excerpt":{"rendered":"<p>Golf Supplement &#8211; The all natural solution to optimal body performance Today there are many dietary and sports supplements available in the market. It is difficult to choose the one that is right for you because they all claim to be special or somehow the best but lack the substance to back up their claims. [&hellip;]<\/p>","protected":false},"author":2,"featured_media":0,"parent":0,"menu_order":0,"comment_status":"closed","ping_status":"closed","template":"","meta":{"footnotes":""},"class_list":["post-4534","page","type-page","status-publish","hentry"],"yoast_head":"<!-- This site is optimized with the Yoast SEO plugin v24.6 - https:\/\/yoast.com\/wordpress\/plugins\/seo\/ -->\n<title>Golf Supplement - Bioresis<\/title>\n<meta name=\"robots\" content=\"index, follow, max-snippet:-1, max-image-preview:large, max-video-preview:-1\" \/>\n<link rel=\"canonical\" href=\"https:\/\/bioresis.com\/es\/golf-supplement\/\" \/>\n<meta property=\"og:locale\" content=\"es_ES\" \/>\n<meta property=\"og:type\" content=\"article\" \/>\n<meta property=\"og:title\" content=\"Golf Supplement - Bioresis\" \/>\n<meta property=\"og:description\" content=\"Golf Supplement &#8211; The all natural solution to optimal body performance Today there are many dietary and sports supplements available in the market. It is difficult to choose the one that is right for you because they all claim to be special or somehow the best but lack the substance to back up their claims. [&hellip;]\" \/>\n<meta property=\"og:url\" content=\"https:\/\/bioresis.com\/es\/golf-supplement\/\" \/>\n<meta property=\"og:site_name\" content=\"Bioresis\" \/>\n<meta property=\"article:modified_time\" content=\"2023-11-06T13:49:34+00:00\" \/>\n<meta name=\"twitter:card\" content=\"summary_large_image\" \/>\n<meta name=\"twitter:label1\" content=\"Tiempo de lectura\" \/>\n\t<meta name=\"twitter:data1\" content=\"4 minutos\" \/>\n<script type=\"application\/ld+json\" class=\"yoast-schema-graph\">{\"@context\":\"https:\/\/schema.org\",\"@graph\":[{\"@type\":\"WebPage\",\"@id\":\"https:\/\/bioresis.com\/golf-supplement\/\",\"url\":\"https:\/\/bioresis.com\/golf-supplement\/\",\"name\":\"Golf Supplement - Bioresis\",\"isPartOf\":{\"@id\":\"https:\/\/bioresis.com\/#website\"},\"datePublished\":\"2023-11-05T20:11:25+00:00\",\"dateModified\":\"2023-11-06T13:49:34+00:00\",\"breadcrumb\":{\"@id\":\"https:\/\/bioresis.com\/golf-supplement\/#breadcrumb\"},\"inLanguage\":\"es\",\"potentialAction\":[{\"@type\":\"ReadAction\",\"target\":[\"https:\/\/bioresis.com\/golf-supplement\/\"]}]},{\"@type\":\"BreadcrumbList\",\"@id\":\"https:\/\/bioresis.com\/golf-supplement\/#breadcrumb\",\"itemListElement\":[{\"@type\":\"ListItem\",\"position\":1,\"name\":\"Home\",\"item\":\"https:\/\/bioresis.com\/\"},{\"@type\":\"ListItem\",\"position\":2,\"name\":\"Golf Supplement\"}]},{\"@type\":\"WebSite\",\"@id\":\"https:\/\/bioresis.com\/#website\",\"url\":\"https:\/\/bioresis.com\/\",\"name\":\"Bioresis\",\"description\":\"Bioresis\",\"publisher\":{\"@id\":\"https:\/\/bioresis.com\/#organization\"},\"potentialAction\":[{\"@type\":\"SearchAction\",\"target\":{\"@type\":\"EntryPoint\",\"urlTemplate\":\"https:\/\/bioresis.com\/?s={search_term_string}\"},\"query-input\":{\"@type\":\"PropertyValueSpecification\",\"valueRequired\":true,\"valueName\":\"search_term_string\"}}],\"inLanguage\":\"es\"},{\"@type\":\"Organization\",\"@id\":\"https:\/\/bioresis.com\/#organization\",\"name\":\"Bioresis\",\"url\":\"https:\/\/bioresis.com\/\",\"logo\":{\"@type\":\"ImageObject\",\"inLanguage\":\"es\",\"@id\":\"https:\/\/bioresis.com\/#\/schema\/logo\/image\/\",\"url\":\"https:\/\/bioresis.com\/wp-content\/uploads\/2023\/11\/bioresis-logo-2.png\",\"contentUrl\":\"https:\/\/bioresis.com\/wp-content\/uploads\/2023\/11\/bioresis-logo-2.png\",\"width\":4831,\"height\":2471,\"caption\":\"Bioresis\"},\"image\":{\"@id\":\"https:\/\/bioresis.com\/#\/schema\/logo\/image\/\"}}]}<\/script>\n<!-- \/ Yoast SEO plugin. -->","yoast_head_json":{"title":"Golf Supplement - Bioresis","robots":{"index":"index","follow":"follow","max-snippet":"max-snippet:-1","max-image-preview":"max-image-preview:large","max-video-preview":"max-video-preview:-1"},"canonical":"https:\/\/bioresis.com\/es\/golf-supplement\/","og_locale":"es_ES","og_type":"article","og_title":"Golf Supplement - Bioresis","og_description":"Golf Supplement &#8211; The all natural solution to optimal body performance Today there are many dietary and sports supplements available in the market. It is difficult to choose the one that is right for you because they all claim to be special or somehow the best but lack the substance to back up their claims. [&hellip;]","og_url":"https:\/\/bioresis.com\/es\/golf-supplement\/","og_site_name":"Bioresis","article_modified_time":"2023-11-06T13:49:34+00:00","twitter_card":"summary_large_image","twitter_misc":{"Tiempo de lectura":"4 minutos"},"schema":{"@context":"https:\/\/schema.org","@graph":[{"@type":"WebPage","@id":"https:\/\/bioresis.com\/golf-supplement\/","url":"https:\/\/bioresis.com\/golf-supplement\/","name":"Golf Supplement - Bioresis","isPartOf":{"@id":"https:\/\/bioresis.com\/#website"},"datePublished":"2023-11-05T20:11:25+00:00","dateModified":"2023-11-06T13:49:34+00:00","breadcrumb":{"@id":"https:\/\/bioresis.com\/golf-supplement\/#breadcrumb"},"inLanguage":"es","potentialAction":[{"@type":"ReadAction","target":["https:\/\/bioresis.com\/golf-supplement\/"]}]},{"@type":"BreadcrumbList","@id":"https:\/\/bioresis.com\/golf-supplement\/#breadcrumb","itemListElement":[{"@type":"ListItem","position":1,"name":"Home","item":"https:\/\/bioresis.com\/"},{"@type":"ListItem","position":2,"name":"Golf Supplement"}]},{"@type":"WebSite","@id":"https:\/\/bioresis.com\/#website","url":"https:\/\/bioresis.com\/","name":"Bioresis","description":"Bioresis","publisher":{"@id":"https:\/\/bioresis.com\/#organization"},"potentialAction":[{"@type":"SearchAction","target":{"@type":"EntryPoint","urlTemplate":"https:\/\/bioresis.com\/?s={search_term_string}"},"query-input":{"@type":"PropertyValueSpecification","valueRequired":true,"valueName":"search_term_string"}}],"inLanguage":"es"},{"@type":"Organization","@id":"https:\/\/bioresis.com\/#organization","name":"Bioresis","url":"https:\/\/bioresis.com\/","logo":{"@type":"ImageObject","inLanguage":"es","@id":"https:\/\/bioresis.com\/#\/schema\/logo\/image\/","url":"https:\/\/bioresis.com\/wp-content\/uploads\/2023\/11\/bioresis-logo-2.png","contentUrl":"https:\/\/bioresis.com\/wp-content\/uploads\/2023\/11\/bioresis-logo-2.png","width":4831,"height":2471,"caption":"Bioresis"},"image":{"@id":"https:\/\/bioresis.com\/#\/schema\/logo\/image\/"}}]}},"_links":{"self":[{"href":"https:\/\/bioresis.com\/es\/wp-json\/wp\/v2\/pages\/4534","targetHints":{"allow":["GET"]}}],"collection":[{"href":"https:\/\/bioresis.com\/es\/wp-json\/wp\/v2\/pages"}],"about":[{"href":"https:\/\/bioresis.com\/es\/wp-json\/wp\/v2\/types\/page"}],"author":[{"embeddable":true,"href":"https:\/\/bioresis.com\/es\/wp-json\/wp\/v2\/users\/2"}],"replies":[{"embeddable":true,"href":"https:\/\/bioresis.com\/es\/wp-json\/wp\/v2\/comments?post=4534"}],"version-history":[{"count":0,"href":"https:\/\/bioresis.com\/es\/wp-json\/wp\/v2\/pages\/4534\/revisions"}],"wp:attachment":[{"href":"https:\/\/bioresis.com\/es\/wp-json\/wp\/v2\/media?parent=4534"}],"curies":[{"name":"wp","href":"https:\/\/api.w.org\/{rel}","templated":true}]}}