{"id":4522,"date":"2023-11-05T20:11:24","date_gmt":"2023-11-05T20:11:24","guid":{"rendered":"https:\/\/bioresis.com\/manwomen-care-2\/"},"modified":"2024-02-25T16:53:40","modified_gmt":"2024-02-25T16:53:40","slug":"manwomen-care","status":"publish","type":"page","link":"https:\/\/bioresis.com\/es\/manwomen-care\/","title":{"rendered":"Man&#038;Women care"},"content":{"rendered":"<div data-elementor-type=\"wp-page\" data-elementor-id=\"4522\" class=\"elementor elementor-4522\" data-elementor-post-type=\"page\">\n\t\t\t\t\t\t<section class=\"elementor-section elementor-top-section elementor-element elementor-element-6464e0a8 elementor-section-full_width elementor-section-height-min-height elementor-section-items-stretch elementor-section-content-middle elementor-reverse-mobile elementor-reverse-tablet elementor-section-height-default\" data-id=\"6464e0a8\" data-element_type=\"section\">\n\t\t\t\t\t\t<div class=\"elementor-container elementor-column-gap-no\">\n\t\t\t\t\t<div class=\"elementor-column elementor-col-50 elementor-top-column elementor-element elementor-element-33bbdb29\" data-id=\"33bbdb29\" data-element_type=\"column\" data-settings=\"{&quot;background_background&quot;:&quot;classic&quot;}\">\n\t\t\t<div class=\"elementor-widget-wrap elementor-element-populated\">\n\t\t\t\t\t\t<div class=\"elementor-element elementor-element-41cec6e6 animated-fast elementor-invisible elementor-widget elementor-widget-heading\" data-id=\"41cec6e6\" data-element_type=\"widget\" data-settings=\"{&quot;_animation&quot;:&quot;fadeIn&quot;}\" data-widget_type=\"heading.default\">\n\t\t\t\t<div class=\"elementor-widget-container\">\n\t\t\t\t\t<h1 class=\"elementor-heading-title elementor-size-default\">Bioresis Hongo Medicinal Bio Beta Glucano 1-3,1-6 Cuidado de la mujer<\/h1>\t\t\t\t<\/div>\n\t\t\t\t<\/div>\n\t\t\t\t<div class=\"elementor-element elementor-element-d633d56 elementor-invisible elementor-widget elementor-widget-text-editor\" data-id=\"d633d56\" data-element_type=\"widget\" data-settings=\"{&quot;_animation&quot;:&quot;fadeIn&quot;}\" data-widget_type=\"text-editor.default\">\n\t\t\t\t<div class=\"elementor-widget-container\">\n\t\t\t\t\t\t\t\t\t<p class=\"translation-block\"><strong><span id=\"u12818-2\">BG Ovary Care pill<\/span><\/strong>\u00a0es un suplemento herbario natural para mujeres, brinda apoyo al sistema reproductivo femenino y mantiene la salud general. Nutre la circulaci\u00f3n sangu\u00ednea, alivia el dolor menstrual, proporciona m\u00e1s energ\u00eda y agilidad mental para ayudarte a prosperar durante todo el d\u00eda.<\/p>\t\t\t\t\t\t\t\t<\/div>\n\t\t\t\t<\/div>\n\t\t\t\t\t<\/div>\n\t\t<\/div>\n\t\t\t\t<div class=\"elementor-column elementor-col-50 elementor-top-column elementor-element elementor-element-66dee3ad\" data-id=\"66dee3ad\" data-element_type=\"column\" data-settings=\"{&quot;background_background&quot;:&quot;classic&quot;}\">\n\t\t\t<div class=\"elementor-widget-wrap elementor-element-populated\">\n\t\t\t\t\t\t<div class=\"elementor-element elementor-element-71e8901c elementor-widget elementor-widget-spacer\" data-id=\"71e8901c\" data-element_type=\"widget\" data-widget_type=\"spacer.default\">\n\t\t\t\t<div class=\"elementor-widget-container\">\n\t\t\t\t\t\t\t<div class=\"elementor-spacer\">\n\t\t\t<div class=\"elementor-spacer-inner\"><\/div>\n\t\t<\/div>\n\t\t\t\t\t\t<\/div>\n\t\t\t\t<\/div>\n\t\t\t\t\t<\/div>\n\t\t<\/div>\n\t\t\t\t\t<\/div>\n\t\t<\/section>\n\t\t\t\t<section class=\"elementor-section elementor-top-section elementor-element elementor-element-6826b411 elementor-section-full_width elementor-section-height-min-height elementor-section-items-stretch elementor-section-content-middle elementor-section-height-default\" data-id=\"6826b411\" data-element_type=\"section\" id=\"about\">\n\t\t\t\t\t\t<div class=\"elementor-container elementor-column-gap-no\">\n\t\t\t\t\t<div class=\"elementor-column elementor-col-50 elementor-top-column elementor-element elementor-element-728cd0f7\" data-id=\"728cd0f7\" data-element_type=\"column\" data-settings=\"{&quot;background_background&quot;:&quot;classic&quot;}\">\n\t\t\t<div class=\"elementor-widget-wrap elementor-element-populated\">\n\t\t\t\t\t\t<div class=\"elementor-element elementor-element-7719cdd0 elementor-widget elementor-widget-spacer\" data-id=\"7719cdd0\" data-element_type=\"widget\" data-widget_type=\"spacer.default\">\n\t\t\t\t<div class=\"elementor-widget-container\">\n\t\t\t\t\t\t\t<div class=\"elementor-spacer\">\n\t\t\t<div class=\"elementor-spacer-inner\"><\/div>\n\t\t<\/div>\n\t\t\t\t\t\t<\/div>\n\t\t\t\t<\/div>\n\t\t\t\t\t<\/div>\n\t\t<\/div>\n\t\t\t\t<div class=\"elementor-column elementor-col-50 elementor-top-column elementor-element elementor-element-631d4879\" data-id=\"631d4879\" data-element_type=\"column\" data-settings=\"{&quot;background_background&quot;:&quot;classic&quot;}\">\n\t\t\t<div class=\"elementor-widget-wrap elementor-element-populated\">\n\t\t\t\t\t\t<div class=\"elementor-element elementor-element-63367f14 elementor-invisible elementor-widget elementor-widget-heading\" data-id=\"63367f14\" data-element_type=\"widget\" data-settings=\"{&quot;_animation&quot;:&quot;fadeInUp&quot;,&quot;_animation_mobile&quot;:&quot;none&quot;}\" data-widget_type=\"heading.default\">\n\t\t\t\t<div class=\"elementor-widget-container\">\n\t\t\t\t\t<h2 class=\"elementor-heading-title elementor-size-default\">P\u00edldora BG para el cuidado de los ovarios<\/h2>\t\t\t\t<\/div>\n\t\t\t\t<\/div>\n\t\t\t\t<div class=\"elementor-element elementor-element-1bc7b573 elementor-invisible elementor-widget elementor-widget-text-editor\" data-id=\"1bc7b573\" data-element_type=\"widget\" data-settings=\"{&quot;_animation&quot;:&quot;fadeIn&quot;}\" data-widget_type=\"text-editor.default\">\n\t\t\t\t<div class=\"elementor-widget-container\">\n\t\t\t\t\t\t\t\t\t<p class=\"translation-block\"><strong><span id=\"u12818-5\">p\u00edldora BG Ovary Care<\/span><\/strong>\u00a0ayuda a estimular el sistema inmunol\u00f3gico y promover m\u00e1s energ\u00eda y agilidad mental en las mujeres.<\/p><p class=\"translation-block\"><strong><span id=\"u12818-9\">p\u00edldora BG Ovary Care<\/span><\/strong> contiene <strong>hongo medicinal org\u00e1nico Bioresis <a style=\"color: black\" href=\"https:\/\/bioresis.com\/es\/beta-glucano\/\" target=\"_self\">Beta Glucan<\/a> 1-3,1-6<\/strong> extracto y muchos ingredientes de hierbas altamente especializados.<\/p>\t\t\t\t\t\t\t\t<\/div>\n\t\t\t\t<\/div>\n\t\t\t\t\t<\/div>\n\t\t<\/div>\n\t\t\t\t\t<\/div>\n\t\t<\/section>\n\t\t\t\t<section class=\"elementor-section elementor-top-section elementor-element elementor-element-21b41134 elementor-section-height-min-height elementor-section-full_width elementor-section-items-stretch elementor-section-content-middle elementor-section-height-default\" data-id=\"21b41134\" data-element_type=\"section\" data-settings=\"{&quot;background_background&quot;:&quot;classic&quot;}\">\n\t\t\t\t\t\t<div class=\"elementor-container elementor-column-gap-default\">\n\t\t\t\t\t<div class=\"elementor-column elementor-col-100 elementor-top-column elementor-element elementor-element-4fb4afb2\" data-id=\"4fb4afb2\" data-element_type=\"column\">\n\t\t\t<div class=\"elementor-widget-wrap elementor-element-populated\">\n\t\t\t\t\t\t<div class=\"elementor-element elementor-element-44fd3876 elementor-invisible elementor-widget elementor-widget-heading\" data-id=\"44fd3876\" data-element_type=\"widget\" data-settings=\"{&quot;_animation&quot;:&quot;fadeInUp&quot;}\" data-widget_type=\"heading.default\">\n\t\t\t\t<div class=\"elementor-widget-container\">\n\t\t\t\t\t<h2 class=\"elementor-heading-title elementor-size-default\">beneficios<\/h2>\t\t\t\t<\/div>\n\t\t\t\t<\/div>\n\t\t\t\t<div class=\"elementor-element elementor-element-2affe20 elementor-widget elementor-widget-text-editor\" data-id=\"2affe20\" data-element_type=\"widget\" data-widget_type=\"text-editor.default\">\n\t\t\t\t<div class=\"elementor-widget-container\">\n\t\t\t\t\t\t\t\t\t<p><strong><span id=\"u12818-9\">P\u00edldora BG Ovary Care Funciones principales:<\/span><\/strong><\/p><p>\u2013 para regular la menstruaci\u00f3n<\/p><p>\u2013 alivia las molestias menstruales<\/p><p>\u2013 alivia el dolor de espalda, el dolor en las articulaciones y los calambres estomacales antes\/durante la menstruaci\u00f3n<\/p><p>\u2013 reduce el flujo vaginal<\/p><p>\u2013 atenci\u00f3n pre\/postnatal<\/p><p>\u2013 mejora de la salud general de las mujeres despu\u00e9s del parto<\/p><p>\u2013 pronta recuperaci\u00f3n de enfermedades graves<\/p><p>\u2013 mejora la tez de la piel y su luminosidad<\/p><p>\u2013 para tratar la piel seca<\/p><p>\u2013 regular el desequilibrio hormonal<\/p><p>\u2013 mantener una mejor salud y juventud<\/p><p><strong><span id=\"u12818-18\">Recomendado para mujeres que experimentan:<\/span><\/strong><\/p><p>dolor de espalda, flujo vaginal, dolor en las articulaciones, calambres estomacales antes\/durante la menstruaci\u00f3n, trastorno menstrual, despu\u00e9s del parto, dolor menstrual abundante, otras anomal\u00edas menstruales o ginecol\u00f3gicas, piel seca<\/p>\t\t\t\t\t\t\t\t<\/div>\n\t\t\t\t<\/div>\n\t\t\t\t\t<\/div>\n\t\t<\/div>\n\t\t\t\t\t<\/div>\n\t\t<\/section>\n\t\t\t\t<section class=\"elementor-section elementor-top-section elementor-element elementor-element-6e1e1db4 elementor-section-full_width elementor-section-height-min-height elementor-section-items-stretch elementor-section-content-middle elementor-reverse-mobile elementor-reverse-tablet elementor-section-height-default\" data-id=\"6e1e1db4\" data-element_type=\"section\">\n\t\t\t\t\t\t<div class=\"elementor-container elementor-column-gap-no\">\n\t\t\t\t\t<div class=\"elementor-column elementor-col-50 elementor-top-column elementor-element elementor-element-7b9d4b12\" data-id=\"7b9d4b12\" data-element_type=\"column\" data-settings=\"{&quot;background_background&quot;:&quot;classic&quot;}\">\n\t\t\t<div class=\"elementor-widget-wrap elementor-element-populated\">\n\t\t\t\t\t\t<div class=\"elementor-element elementor-element-524d1715 animated-fast elementor-invisible elementor-widget elementor-widget-heading\" data-id=\"524d1715\" data-element_type=\"widget\" data-settings=\"{&quot;_animation&quot;:&quot;fadeIn&quot;}\" data-widget_type=\"heading.default\">\n\t\t\t\t<div class=\"elementor-widget-container\">\n\t\t\t\t\t<h1 class=\"elementor-heading-title elementor-size-default\">Seta Medicinal Org\u00e1nica Beta Glucan 1-3,1-6 Cuidado de los hombres<\/h1>\t\t\t\t<\/div>\n\t\t\t\t<\/div>\n\t\t\t\t<div class=\"elementor-element elementor-element-1ada0f34 elementor-invisible elementor-widget elementor-widget-text-editor\" data-id=\"1ada0f34\" data-element_type=\"widget\" data-settings=\"{&quot;_animation&quot;:&quot;fadeIn&quot;}\" data-widget_type=\"text-editor.default\">\n\t\t\t\t<div class=\"elementor-widget-container\">\n\t\t\t\t\t\t\t\t\t<p class=\"translation-block\"><strong>MW2<\/strong> es un suplemento herbario natural para hombres, un producto de bienestar que mejora el sistema inmunol\u00f3gico. Est\u00e1 formulado para fortalecer el cuerpo y ayuda a promover la energ\u00eda y vitalidad de los hombres.<\/p><p>MW2 contiene extracto de beta glucano 1-3,1-6 del hongo medicinal org\u00e1nico Bioresis y muchos ingredientes de hierbas altamente especializados.<\/p>\t\t\t\t\t\t\t\t<\/div>\n\t\t\t\t<\/div>\n\t\t\t\t\t<\/div>\n\t\t<\/div>\n\t\t\t\t<div class=\"elementor-column elementor-col-50 elementor-top-column elementor-element elementor-element-1dcbc3e4\" data-id=\"1dcbc3e4\" data-element_type=\"column\" data-settings=\"{&quot;background_background&quot;:&quot;classic&quot;}\">\n\t\t\t<div class=\"elementor-widget-wrap elementor-element-populated\">\n\t\t\t\t\t\t<div class=\"elementor-element elementor-element-44c8e53c elementor-widget elementor-widget-spacer\" data-id=\"44c8e53c\" data-element_type=\"widget\" data-widget_type=\"spacer.default\">\n\t\t\t\t<div class=\"elementor-widget-container\">\n\t\t\t\t\t\t\t<div class=\"elementor-spacer\">\n\t\t\t<div class=\"elementor-spacer-inner\"><\/div>\n\t\t<\/div>\n\t\t\t\t\t\t<\/div>\n\t\t\t\t<\/div>\n\t\t\t\t\t<\/div>\n\t\t<\/div>\n\t\t\t\t\t<\/div>\n\t\t<\/section>\n\t\t\t\t<section class=\"elementor-section elementor-top-section elementor-element elementor-element-5d7e1996 elementor-section-height-min-height elementor-section-full_width elementor-section-items-stretch elementor-section-content-middle elementor-section-height-default\" data-id=\"5d7e1996\" data-element_type=\"section\" data-settings=\"{&quot;background_background&quot;:&quot;classic&quot;}\">\n\t\t\t\t\t\t<div class=\"elementor-container elementor-column-gap-default\">\n\t\t\t\t\t<div class=\"elementor-column elementor-col-100 elementor-top-column elementor-element elementor-element-7c3bcbc0\" data-id=\"7c3bcbc0\" data-element_type=\"column\">\n\t\t\t<div class=\"elementor-widget-wrap elementor-element-populated\">\n\t\t\t\t\t\t<div class=\"elementor-element elementor-element-3c7a5efa elementor-invisible elementor-widget elementor-widget-heading\" data-id=\"3c7a5efa\" data-element_type=\"widget\" data-settings=\"{&quot;_animation&quot;:&quot;fadeInUp&quot;}\" data-widget_type=\"heading.default\">\n\t\t\t\t<div class=\"elementor-widget-container\">\n\t\t\t\t\t<h2 class=\"elementor-heading-title elementor-size-default\">beneficios<\/h2>\t\t\t\t<\/div>\n\t\t\t\t<\/div>\n\t\t\t\t<div class=\"elementor-element elementor-element-45801958 elementor-widget elementor-widget-text-editor\" data-id=\"45801958\" data-element_type=\"widget\" data-widget_type=\"text-editor.default\">\n\t\t\t\t<div class=\"elementor-widget-container\">\n\t\t\t\t\t\t\t\t\t<p>MW2 mejora la energ\u00eda y el rendimiento sexual, la resistencia, fomenta la energ\u00eda sexual en hombres y mujeres, restaura el rendimiento sexual masculino, la vida sexual sana y activa, afecta el sistema nervioso actuando como antidepresivo para aliviar la tensi\u00f3n, la ansiedad y la depresi\u00f3n leve, estimula la sangre para promueve la circulaci\u00f3n en el cuerpo, mejora la prostatitis, la nefritis y la enuresis, ayuda a la memoria y la concentraci\u00f3n, promueve la funci\u00f3n saludable del h\u00edgado y los ri\u00f1ones, regula el sistema respiratorio, promueve la salud cardiovascular, reduce el colesterol, aumenta el metabolismo, la capacidad de reclutar c\u00e9lulas madre, rejuvenece y repara, rejuvenece restaura la vitalidad y la apariencia juvenil, duerme profundamente, reduce la fatiga, mejora la salud general, antienvejecimiento<\/p>\t\t\t\t\t\t\t\t<\/div>\n\t\t\t\t<\/div>\n\t\t\t\t\t<\/div>\n\t\t<\/div>\n\t\t\t\t\t<\/div>\n\t\t<\/section>\n\t\t<div class=\"elementor-element elementor-element-a8ba843 e-flex e-con-boxed e-con e-parent\" data-id=\"a8ba843\" data-element_type=\"container\">\n\t\t\t\t\t<div class=\"e-con-inner\">\n\t\t\t\t<div class=\"elementor-element elementor-element-755d1ea elementor-widget elementor-widget-spacer\" data-id=\"755d1ea\" data-element_type=\"widget\" data-widget_type=\"spacer.default\">\n\t\t\t\t<div class=\"elementor-widget-container\">\n\t\t\t\t\t\t\t<div class=\"elementor-spacer\">\n\t\t\t<div class=\"elementor-spacer-inner\"><\/div>\n\t\t<\/div>\n\t\t\t\t\t\t<\/div>\n\t\t\t\t<\/div>\n\t\t\t\t\t<\/div>\n\t\t\t\t<\/div>\n\t\t\t\t<\/div>","protected":false},"excerpt":{"rendered":"<p>Bioresis Organic Medicinal Mushroom Beta Glucan 1-3,1-6 Woman care BG Ovary Care pill\u00a0is a natural herbal supplement for women, provides support for female reproductive system and maintain overall health. It nourishes the blood circulation, relieve menstrual pain, provide more energy and mental alertness to help you thrive throughout the day. BG Ovary Care pill BG [&hellip;]<\/p>","protected":false},"author":2,"featured_media":0,"parent":0,"menu_order":0,"comment_status":"closed","ping_status":"closed","template":"","meta":{"footnotes":""},"class_list":["post-4522","page","type-page","status-publish","hentry"],"yoast_head":"<!-- This site is optimized with the Yoast SEO plugin v24.6 - https:\/\/yoast.com\/wordpress\/plugins\/seo\/ -->\n<title>Man&amp;Women care - Bioresis<\/title>\n<meta name=\"robots\" content=\"index, follow, max-snippet:-1, max-image-preview:large, max-video-preview:-1\" \/>\n<link rel=\"canonical\" href=\"https:\/\/bioresis.com\/es\/manwomen-care\/\" \/>\n<meta property=\"og:locale\" content=\"es_ES\" \/>\n<meta property=\"og:type\" content=\"article\" \/>\n<meta property=\"og:title\" content=\"Man&amp;Women care - Bioresis\" \/>\n<meta property=\"og:description\" content=\"Bioresis Organic Medicinal Mushroom Beta Glucan 1-3,1-6 Woman care BG Ovary Care pill\u00a0is a natural herbal supplement for women, provides support for female reproductive system and maintain overall health. It nourishes the blood circulation, relieve menstrual pain, provide more energy and mental alertness to help you thrive throughout the day. BG Ovary Care pill BG [&hellip;]\" \/>\n<meta property=\"og:url\" content=\"https:\/\/bioresis.com\/es\/manwomen-care\/\" \/>\n<meta property=\"og:site_name\" content=\"Bioresis\" \/>\n<meta property=\"article:modified_time\" content=\"2024-02-25T16:53:40+00:00\" \/>\n<meta name=\"twitter:card\" content=\"summary_large_image\" \/>\n<meta name=\"twitter:label1\" content=\"Tiempo de lectura\" \/>\n\t<meta name=\"twitter:data1\" content=\"2 minutos\" \/>\n<script type=\"application\/ld+json\" class=\"yoast-schema-graph\">{\"@context\":\"https:\/\/schema.org\",\"@graph\":[{\"@type\":\"WebPage\",\"@id\":\"https:\/\/bioresis.com\/manwomen-care\/\",\"url\":\"https:\/\/bioresis.com\/manwomen-care\/\",\"name\":\"Man&Women care - Bioresis\",\"isPartOf\":{\"@id\":\"https:\/\/bioresis.com\/#website\"},\"datePublished\":\"2023-11-05T20:11:24+00:00\",\"dateModified\":\"2024-02-25T16:53:40+00:00\",\"breadcrumb\":{\"@id\":\"https:\/\/bioresis.com\/manwomen-care\/#breadcrumb\"},\"inLanguage\":\"es\",\"potentialAction\":[{\"@type\":\"ReadAction\",\"target\":[\"https:\/\/bioresis.com\/manwomen-care\/\"]}]},{\"@type\":\"BreadcrumbList\",\"@id\":\"https:\/\/bioresis.com\/manwomen-care\/#breadcrumb\",\"itemListElement\":[{\"@type\":\"ListItem\",\"position\":1,\"name\":\"Home\",\"item\":\"https:\/\/bioresis.com\/\"},{\"@type\":\"ListItem\",\"position\":2,\"name\":\"Man&#038;Women care\"}]},{\"@type\":\"WebSite\",\"@id\":\"https:\/\/bioresis.com\/#website\",\"url\":\"https:\/\/bioresis.com\/\",\"name\":\"Bioresis\",\"description\":\"Bioresis\",\"publisher\":{\"@id\":\"https:\/\/bioresis.com\/#organization\"},\"potentialAction\":[{\"@type\":\"SearchAction\",\"target\":{\"@type\":\"EntryPoint\",\"urlTemplate\":\"https:\/\/bioresis.com\/?s={search_term_string}\"},\"query-input\":{\"@type\":\"PropertyValueSpecification\",\"valueRequired\":true,\"valueName\":\"search_term_string\"}}],\"inLanguage\":\"es\"},{\"@type\":\"Organization\",\"@id\":\"https:\/\/bioresis.com\/#organization\",\"name\":\"Bioresis\",\"url\":\"https:\/\/bioresis.com\/\",\"logo\":{\"@type\":\"ImageObject\",\"inLanguage\":\"es\",\"@id\":\"https:\/\/bioresis.com\/#\/schema\/logo\/image\/\",\"url\":\"https:\/\/bioresis.com\/wp-content\/uploads\/2023\/11\/bioresis-logo-2.png\",\"contentUrl\":\"https:\/\/bioresis.com\/wp-content\/uploads\/2023\/11\/bioresis-logo-2.png\",\"width\":4831,\"height\":2471,\"caption\":\"Bioresis\"},\"image\":{\"@id\":\"https:\/\/bioresis.com\/#\/schema\/logo\/image\/\"}}]}<\/script>\n<!-- \/ Yoast SEO plugin. -->","yoast_head_json":{"title":"Man&Women care - Bioresis","robots":{"index":"index","follow":"follow","max-snippet":"max-snippet:-1","max-image-preview":"max-image-preview:large","max-video-preview":"max-video-preview:-1"},"canonical":"https:\/\/bioresis.com\/es\/manwomen-care\/","og_locale":"es_ES","og_type":"article","og_title":"Man&Women care - Bioresis","og_description":"Bioresis Organic Medicinal Mushroom Beta Glucan 1-3,1-6 Woman care BG Ovary Care pill\u00a0is a natural herbal supplement for women, provides support for female reproductive system and maintain overall health. It nourishes the blood circulation, relieve menstrual pain, provide more energy and mental alertness to help you thrive throughout the day. BG Ovary Care pill BG [&hellip;]","og_url":"https:\/\/bioresis.com\/es\/manwomen-care\/","og_site_name":"Bioresis","article_modified_time":"2024-02-25T16:53:40+00:00","twitter_card":"summary_large_image","twitter_misc":{"Tiempo de lectura":"2 minutos"},"schema":{"@context":"https:\/\/schema.org","@graph":[{"@type":"WebPage","@id":"https:\/\/bioresis.com\/manwomen-care\/","url":"https:\/\/bioresis.com\/manwomen-care\/","name":"Man&Women care - Bioresis","isPartOf":{"@id":"https:\/\/bioresis.com\/#website"},"datePublished":"2023-11-05T20:11:24+00:00","dateModified":"2024-02-25T16:53:40+00:00","breadcrumb":{"@id":"https:\/\/bioresis.com\/manwomen-care\/#breadcrumb"},"inLanguage":"es","potentialAction":[{"@type":"ReadAction","target":["https:\/\/bioresis.com\/manwomen-care\/"]}]},{"@type":"BreadcrumbList","@id":"https:\/\/bioresis.com\/manwomen-care\/#breadcrumb","itemListElement":[{"@type":"ListItem","position":1,"name":"Home","item":"https:\/\/bioresis.com\/"},{"@type":"ListItem","position":2,"name":"Man&#038;Women care"}]},{"@type":"WebSite","@id":"https:\/\/bioresis.com\/#website","url":"https:\/\/bioresis.com\/","name":"Bioresis","description":"Bioresis","publisher":{"@id":"https:\/\/bioresis.com\/#organization"},"potentialAction":[{"@type":"SearchAction","target":{"@type":"EntryPoint","urlTemplate":"https:\/\/bioresis.com\/?s={search_term_string}"},"query-input":{"@type":"PropertyValueSpecification","valueRequired":true,"valueName":"search_term_string"}}],"inLanguage":"es"},{"@type":"Organization","@id":"https:\/\/bioresis.com\/#organization","name":"Bioresis","url":"https:\/\/bioresis.com\/","logo":{"@type":"ImageObject","inLanguage":"es","@id":"https:\/\/bioresis.com\/#\/schema\/logo\/image\/","url":"https:\/\/bioresis.com\/wp-content\/uploads\/2023\/11\/bioresis-logo-2.png","contentUrl":"https:\/\/bioresis.com\/wp-content\/uploads\/2023\/11\/bioresis-logo-2.png","width":4831,"height":2471,"caption":"Bioresis"},"image":{"@id":"https:\/\/bioresis.com\/#\/schema\/logo\/image\/"}}]}},"_links":{"self":[{"href":"https:\/\/bioresis.com\/es\/wp-json\/wp\/v2\/pages\/4522","targetHints":{"allow":["GET"]}}],"collection":[{"href":"https:\/\/bioresis.com\/es\/wp-json\/wp\/v2\/pages"}],"about":[{"href":"https:\/\/bioresis.com\/es\/wp-json\/wp\/v2\/types\/page"}],"author":[{"embeddable":true,"href":"https:\/\/bioresis.com\/es\/wp-json\/wp\/v2\/users\/2"}],"replies":[{"embeddable":true,"href":"https:\/\/bioresis.com\/es\/wp-json\/wp\/v2\/comments?post=4522"}],"version-history":[{"count":3,"href":"https:\/\/bioresis.com\/es\/wp-json\/wp\/v2\/pages\/4522\/revisions"}],"predecessor-version":[{"id":5136,"href":"https:\/\/bioresis.com\/es\/wp-json\/wp\/v2\/pages\/4522\/revisions\/5136"}],"wp:attachment":[{"href":"https:\/\/bioresis.com\/es\/wp-json\/wp\/v2\/media?parent=4522"}],"curies":[{"name":"wp","href":"https:\/\/api.w.org\/{rel}","templated":true}]}}