{"id":4510,"date":"2023-11-05T20:11:24","date_gmt":"2023-11-05T20:11:24","guid":{"rendered":"https:\/\/bioresis.com\/indoor-outdoor-growing-2\/"},"modified":"2023-11-06T13:49:27","modified_gmt":"2023-11-06T13:49:27","slug":"indoor-outdoor-growing","status":"publish","type":"page","link":"https:\/\/bioresis.com\/es\/indoor-outdoor-growing\/","title":{"rendered":"indoor\/outdoor growing"},"content":{"rendered":"<div data-elementor-type=\"wp-page\" data-elementor-id=\"4510\" class=\"elementor elementor-4510\" data-elementor-post-type=\"page\">\n\t\t\t\t\t\t<section class=\"elementor-section elementor-top-section elementor-element elementor-element-5148f303 elementor-section-height-full elementor-section-boxed elementor-section-height-default elementor-section-items-middle\" data-id=\"5148f303\" data-element_type=\"section\" data-settings=\"{&quot;background_background&quot;:&quot;classic&quot;,&quot;background_motion_fx_motion_fx_mouse&quot;:&quot;yes&quot;,&quot;background_motion_fx_mouseTrack_effect&quot;:&quot;yes&quot;,&quot;background_motion_fx_mouseTrack_speed&quot;:{&quot;unit&quot;:&quot;px&quot;,&quot;size&quot;:0.1000000000000000055511151231257827021181583404541015625,&quot;sizes&quot;:[]}}\">\n\t\t\t\t\t\t\t<div class=\"elementor-background-overlay\"><\/div>\n\t\t\t\t\t\t\t<div class=\"elementor-container elementor-column-gap-default\">\n\t\t\t\t\t<div class=\"elementor-column elementor-col-100 elementor-top-column elementor-element elementor-element-3258fee0\" data-id=\"3258fee0\" data-element_type=\"column\">\n\t\t\t<div class=\"elementor-widget-wrap elementor-element-populated\">\n\t\t\t\t\t\t<div class=\"elementor-element elementor-element-7b5982e8 elementor-widget elementor-widget-heading\" data-id=\"7b5982e8\" data-element_type=\"widget\" data-widget_type=\"heading.default\">\n\t\t\t\t<div class=\"elementor-widget-container\">\n\t\t\t\t\t<h2 class=\"elementor-heading-title elementor-size-default\">Outdoor &amp; indoor growing\u200b<\/h2>\t\t\t\t<\/div>\n\t\t\t\t<\/div>\n\t\t\t\t<div class=\"elementor-element elementor-element-f3093a5 elementor-widget elementor-widget-text-editor\" data-id=\"f3093a5\" data-element_type=\"widget\" data-widget_type=\"text-editor.default\">\n\t\t\t\t<div class=\"elementor-widget-container\">\n\t\t\t\t\t\t\t\t\t<p>Biofertilizante Bioresis BioTerra 700<\/p>\t\t\t\t\t\t\t\t<\/div>\n\t\t\t\t<\/div>\n\t\t\t\t\t<\/div>\n\t\t<\/div>\n\t\t\t\t\t<\/div>\n\t\t<\/section>\n\t\t\t\t<section class=\"elementor-section elementor-top-section elementor-element elementor-element-5244348e elementor-section-height-min-height elementor-section-boxed elementor-section-height-default elementor-section-items-middle\" data-id=\"5244348e\" data-element_type=\"section\">\n\t\t\t\t\t\t<div class=\"elementor-container elementor-column-gap-default\">\n\t\t\t\t\t<div class=\"elementor-column elementor-col-100 elementor-top-column elementor-element elementor-element-144e1f8b\" data-id=\"144e1f8b\" data-element_type=\"column\">\n\t\t\t<div class=\"elementor-widget-wrap elementor-element-populated\">\n\t\t\t\t\t\t<div class=\"elementor-element elementor-element-6773ba5f elementor-invisible elementor-widget elementor-widget-heading\" data-id=\"6773ba5f\" data-element_type=\"widget\" data-settings=\"{&quot;_animation&quot;:&quot;fadeInUp&quot;}\" data-widget_type=\"heading.default\">\n\t\t\t\t<div class=\"elementor-widget-container\">\n\t\t\t\t\t<h2 class=\"elementor-heading-title elementor-size-default\">Cultivo exterior <\/h2>\t\t\t\t<\/div>\n\t\t\t\t<\/div>\n\t\t\t\t<div class=\"elementor-element elementor-element-1f6fc240 elementor-widget elementor-widget-text-editor\" data-id=\"1f6fc240\" data-element_type=\"widget\" data-widget_type=\"text-editor.default\">\n\t\t\t\t<div class=\"elementor-widget-container\">\n\t\t\t\t\t\t\t\t\t<p><strong>Las dosis se dan en litros.<\/strong><\/p><p class=\"translation-block\"><strong>Solicite informaci\u00f3n sobre la aplicaci\u00f3n en cultivo bajo cobertura a nuestro representante<\/strong><br><strong>regional.<\/strong><\/p>\t\t\t\t\t\t\t\t<\/div>\n\t\t\t\t<\/div>\n\t\t\t\t<section class=\"elementor-section elementor-inner-section elementor-element elementor-element-234ddca6 elementor-section-boxed elementor-section-height-default elementor-section-height-default\" data-id=\"234ddca6\" data-element_type=\"section\">\n\t\t\t\t\t\t<div class=\"elementor-container elementor-column-gap-default\">\n\t\t\t\t\t<div class=\"elementor-column elementor-col-50 elementor-inner-column elementor-element elementor-element-79c37d7a\" data-id=\"79c37d7a\" data-element_type=\"column\">\n\t\t\t<div class=\"elementor-widget-wrap elementor-element-populated\">\n\t\t\t\t\t\t<div class=\"elementor-element elementor-element-2525a80d elementor-widget elementor-widget-text-editor\" data-id=\"2525a80d\" data-element_type=\"widget\" data-widget_type=\"text-editor.default\">\n\t\t\t\t<div class=\"elementor-widget-container\">\n\t\t\t\t\t\t\t\t\t<p>Trigo\/cebada\/centeno\/avena\u00a0<\/p><p>Ma\u00edz\u00a0<\/p><p>Girasol\u00a0<\/p><p>remolacha azucarera\u00a0<\/p><p>Nanohana\u00a0<\/p><p>Guisante\/soja\/garbanzo\/lenteja\u00a0<\/p><p>Alforf\u00f3n\u00a0<\/p><p>Papa\u00a0<\/p><p>Repollo\u00a0<\/p><p>Uva\u00a0<\/p><p>Grosella\/grosella, etc.\u00a0<\/p><p>Fruta c\u00edtrica\u00a0<\/p><p>Aceituna<\/p><p>Tabaco, etc.<\/p>\t\t\t\t\t\t\t\t<\/div>\n\t\t\t\t<\/div>\n\t\t\t\t\t<\/div>\n\t\t<\/div>\n\t\t\t\t<div class=\"elementor-column elementor-col-50 elementor-inner-column elementor-element elementor-element-6c4a957e\" data-id=\"6c4a957e\" data-element_type=\"column\">\n\t\t\t<div class=\"elementor-widget-wrap elementor-element-populated\">\n\t\t\t\t\t\t<div class=\"elementor-element elementor-element-62bd8ea1 elementor-widget elementor-widget-text-editor\" data-id=\"62bd8ea1\" data-element_type=\"widget\" data-widget_type=\"text-editor.default\">\n\t\t\t\t<div class=\"elementor-widget-container\">\n\t\t\t\t\t\t\t\t\t<p>Zanahoria&nbsp;<\/p>\n<p>Arroz&nbsp;<\/p>\n<p>Tomate&nbsp;<\/p>\n<p>Pimiento&nbsp;<\/p>\n<p>Pepino&nbsp;<\/p>\n<p>Calabaza&nbsp;<\/p>\n<p>Verde (uni\u00f3n, eneldo, perejil, etc.)&nbsp;<\/p>\n<p class=\"translation-block\">Fresa \/ ballonberry \/ frambuesa \/\u00a0<span style=\"color: var( --e-global-color-5241bff );font-family: var( --e-global-typography-text-font-family ), Sans-serif\">ar\u00e1ndano<\/span><span style=\"color: var( --e-global-color -5241bff)\">\u00a0<\/span><\/p>\n<p class=\"translation-block\">Manzana \/ pera \/ cereza \/ melocot\u00f3n \/ tarta \/<br>\u00a0cereza \/ albaricoque<\/p>\n<p>Cultivo decorativo, etc.&nbsp;<br><\/p>\n<p>Algod\u00f3n&nbsp;<\/p>\n<p>cuerpo forestal&nbsp;<\/p>\n<p>C\u00e9sped&nbsp;<\/p>\n<p>Linaza&nbsp;<br><\/p>\t\t\t\t\t\t\t\t<\/div>\n\t\t\t\t<\/div>\n\t\t\t\t\t<\/div>\n\t\t<\/div>\n\t\t\t\t\t<\/div>\n\t\t<\/section>\n\t\t\t\t\t<\/div>\n\t\t<\/div>\n\t\t\t\t\t<\/div>\n\t\t<\/section>\n\t\t\t\t<section class=\"elementor-section elementor-top-section elementor-element elementor-element-665d99ce elementor-section-height-min-height elementor-section-boxed elementor-section-height-default elementor-section-items-middle\" data-id=\"665d99ce\" data-element_type=\"section\" data-settings=\"{&quot;background_background&quot;:&quot;classic&quot;}\">\n\t\t\t\t\t\t<div class=\"elementor-container elementor-column-gap-default\">\n\t\t\t\t\t<div class=\"elementor-column elementor-col-100 elementor-top-column elementor-element elementor-element-2ba31f6a\" data-id=\"2ba31f6a\" data-element_type=\"column\">\n\t\t\t<div class=\"elementor-widget-wrap elementor-element-populated\">\n\t\t\t\t\t\t<div class=\"elementor-element elementor-element-56727e8b elementor-invisible elementor-widget elementor-widget-heading\" data-id=\"56727e8b\" data-element_type=\"widget\" data-settings=\"{&quot;_animation&quot;:&quot;fadeInUp&quot;}\" data-widget_type=\"heading.default\">\n\t\t\t\t<div class=\"elementor-widget-container\">\n\t\t\t\t\t<h2 class=\"elementor-heading-title elementor-size-default\">Cultivo interior<\/h2>\t\t\t\t<\/div>\n\t\t\t\t<\/div>\n\t\t\t\t<div class=\"elementor-element elementor-element-498bf145 elementor-widget elementor-widget-text-editor\" data-id=\"498bf145\" data-element_type=\"widget\" data-widget_type=\"text-editor.default\">\n\t\t\t\t<div class=\"elementor-widget-container\">\n\t\t\t\t\t\t\t\t\t<h3>Catalogo de producto<\/h3>\t\t\t\t\t\t\t\t<\/div>\n\t\t\t\t<\/div>\n\t\t\t\t<div class=\"elementor-element elementor-element-708483f1 elementor-widget elementor-widget-text-editor\" data-id=\"708483f1\" data-element_type=\"widget\" data-widget_type=\"text-editor.default\">\n\t\t\t\t<div class=\"elementor-widget-container\">\n\t\t\t\t\t\t\t\t\t<p class=\"translation-block\">Adem\u00e1s, cualquier tratamiento <strong>Bioresis BioTerra 700 Biofertilizer<\/strong> se puede combinar en una mezcla de tanque con un fungicida o un insecticida. En una mezcla en tanque con fungicidas, insecticidas y fertilizantes minerales, <strong>Bioresis BioTerra 700 Biofertilizer<\/strong> se puede utilizar en dosis completas.<\/p><p class=\"translation-block\"><strong>Bioresis BioTerra 700 Biofertilizante<\/strong> se puede utilizar en combinaci\u00f3n con un sistema de nutrici\u00f3n para la adaptaci\u00f3n a las altas temperaturas: 1 litro por \u041d\u0430. La soluci\u00f3n de trabajo: diluir 1 litro de <strong>Bioresis BioTerra 700 Biofertilizante<\/strong> con 100 litros de agua sin cloro. Mezclar bien. \u00a1Est\u00e1 prohibida la combinaci\u00f3n con agua clorada!<\/p><p class=\"translation-block\"><strong>Bioresis BioTerra 700 Biofertilizante<\/strong> se puede aplicar con cualquier equipo que proporcione precisi\u00f3n en la dosificaci\u00f3n y distribuci\u00f3n uniforme del preparado. Para este fin pueden utilizarse m\u00e1quinas pulverizadoras y de pretratamiento de producci\u00f3n nacional o importadas, incluido el dispositivo \"Fog\".<\/p>\t\t\t\t\t\t\t\t<\/div>\n\t\t\t\t<\/div>\n\t\t\t\t<div class=\"elementor-element elementor-element-1f4ce371 elementor-align-center elementor-invisible elementor-widget elementor-widget-button\" data-id=\"1f4ce371\" data-element_type=\"widget\" data-settings=\"{&quot;_animation&quot;:&quot;fadeInUp&quot;}\" data-widget_type=\"button.default\">\n\t\t\t\t<div class=\"elementor-widget-container\">\n\t\t\t\t\t\t\t\t\t<div class=\"elementor-button-wrapper\">\n\t\t\t\t\t<a class=\"elementor-button elementor-button-link elementor-size-xs elementor-animation-float\" href=\"https:\/\/bioresis.com\/es\/application-features-examples\/\">\n\t\t\t\t\t\t<span class=\"elementor-button-content-wrapper\">\n\t\t\t\t\t\t\t\t\t<span class=\"elementor-button-text\">Caracter\u00edsticas y ejemplos de la aplicaci\u00f3n<\/span>\n\t\t\t\t\t<\/span>\n\t\t\t\t\t<\/a>\n\t\t\t\t<\/div>\n\t\t\t\t\t\t\t\t<\/div>\n\t\t\t\t<\/div>\n\t\t\t\t\t<\/div>\n\t\t<\/div>\n\t\t\t\t\t<\/div>\n\t\t<\/section>\n\t\t\t\t<section class=\"elementor-section elementor-top-section elementor-element elementor-element-779bd403 elementor-section-height-min-height elementor-section-boxed elementor-section-height-default elementor-section-items-middle\" data-id=\"779bd403\" data-element_type=\"section\" data-settings=\"{&quot;background_background&quot;:&quot;classic&quot;}\">\n\t\t\t\t\t\t\t<div class=\"elementor-background-overlay\"><\/div>\n\t\t\t\t\t\t\t<div class=\"elementor-container elementor-column-gap-default\">\n\t\t\t\t\t<div class=\"elementor-column elementor-col-100 elementor-top-column elementor-element elementor-element-479bbf6b\" data-id=\"479bbf6b\" data-element_type=\"column\">\n\t\t\t<div class=\"elementor-widget-wrap\">\n\t\t\t\t\t\t\t<\/div>\n\t\t<\/div>\n\t\t\t\t\t<\/div>\n\t\t<\/section>\n\t\t\t\t<\/div>","protected":false},"excerpt":{"rendered":"<p>Outdoor &#038; indoor growing\u200b Bioresis BioTerra 700 Biofertilizer Outdoor growing The dosages are given in litres. Ask the information on application when growing under cover from our regionalrepresentative. Wheat\/ barley\/ rye\/ oat\u00a0 Corn\u00a0 Sunflower\u00a0 Sugar-beet\u00a0 Rape\u00a0 Pea\/ soy\/chickpea\/ lentil\u00a0 Buckwheat\u00a0 Potato\u00a0 Cabbage\u00a0 Grape\u00a0 Currant\/ gooseberry etc.\u00a0 Citrus fruit\u00a0 Olive Tobacco etc. Carrot&nbsp; Rice&nbsp; Tomato&nbsp; Bellpepper&nbsp; [&hellip;]<\/p>","protected":false},"author":2,"featured_media":0,"parent":0,"menu_order":0,"comment_status":"closed","ping_status":"closed","template":"elementor_header_footer","meta":{"footnotes":""},"class_list":["post-4510","page","type-page","status-publish","hentry"],"yoast_head":"<!-- This site is optimized with the Yoast SEO plugin v24.6 - https:\/\/yoast.com\/wordpress\/plugins\/seo\/ -->\n<title>indoor\/outdoor growing - Bioresis<\/title>\n<meta name=\"robots\" content=\"index, follow, max-snippet:-1, max-image-preview:large, max-video-preview:-1\" \/>\n<link rel=\"canonical\" href=\"https:\/\/bioresis.com\/es\/indoor-outdoor-growing\/\" \/>\n<meta property=\"og:locale\" content=\"es_ES\" \/>\n<meta property=\"og:type\" content=\"article\" \/>\n<meta property=\"og:title\" content=\"indoor\/outdoor growing - Bioresis\" \/>\n<meta property=\"og:description\" content=\"Outdoor &#038; indoor growing\u200b Bioresis BioTerra 700 Biofertilizer Outdoor growing The dosages are given in litres. Ask the information on application when growing under cover from our regionalrepresentative. Wheat\/ barley\/ rye\/ oat\u00a0 Corn\u00a0 Sunflower\u00a0 Sugar-beet\u00a0 Rape\u00a0 Pea\/ soy\/chickpea\/ lentil\u00a0 Buckwheat\u00a0 Potato\u00a0 Cabbage\u00a0 Grape\u00a0 Currant\/ gooseberry etc.\u00a0 Citrus fruit\u00a0 Olive Tobacco etc. Carrot&nbsp; Rice&nbsp; Tomato&nbsp; Bellpepper&nbsp; [&hellip;]\" \/>\n<meta property=\"og:url\" content=\"https:\/\/bioresis.com\/es\/indoor-outdoor-growing\/\" \/>\n<meta property=\"og:site_name\" content=\"Bioresis\" \/>\n<meta property=\"article:modified_time\" content=\"2023-11-06T13:49:27+00:00\" \/>\n<meta name=\"twitter:card\" content=\"summary_large_image\" \/>\n<meta name=\"twitter:label1\" content=\"Tiempo de lectura\" \/>\n\t<meta name=\"twitter:data1\" content=\"1 minuto\" \/>\n<script type=\"application\/ld+json\" class=\"yoast-schema-graph\">{\"@context\":\"https:\/\/schema.org\",\"@graph\":[{\"@type\":\"WebPage\",\"@id\":\"https:\/\/bioresis.com\/indoor-outdoor-growing\/\",\"url\":\"https:\/\/bioresis.com\/indoor-outdoor-growing\/\",\"name\":\"indoor\/outdoor growing - Bioresis\",\"isPartOf\":{\"@id\":\"https:\/\/bioresis.com\/#website\"},\"datePublished\":\"2023-11-05T20:11:24+00:00\",\"dateModified\":\"2023-11-06T13:49:27+00:00\",\"breadcrumb\":{\"@id\":\"https:\/\/bioresis.com\/indoor-outdoor-growing\/#breadcrumb\"},\"inLanguage\":\"es\",\"potentialAction\":[{\"@type\":\"ReadAction\",\"target\":[\"https:\/\/bioresis.com\/indoor-outdoor-growing\/\"]}]},{\"@type\":\"BreadcrumbList\",\"@id\":\"https:\/\/bioresis.com\/indoor-outdoor-growing\/#breadcrumb\",\"itemListElement\":[{\"@type\":\"ListItem\",\"position\":1,\"name\":\"Home\",\"item\":\"https:\/\/bioresis.com\/\"},{\"@type\":\"ListItem\",\"position\":2,\"name\":\"indoor\/outdoor growing\"}]},{\"@type\":\"WebSite\",\"@id\":\"https:\/\/bioresis.com\/#website\",\"url\":\"https:\/\/bioresis.com\/\",\"name\":\"Bioresis\",\"description\":\"Bioresis\",\"publisher\":{\"@id\":\"https:\/\/bioresis.com\/#organization\"},\"potentialAction\":[{\"@type\":\"SearchAction\",\"target\":{\"@type\":\"EntryPoint\",\"urlTemplate\":\"https:\/\/bioresis.com\/?s={search_term_string}\"},\"query-input\":{\"@type\":\"PropertyValueSpecification\",\"valueRequired\":true,\"valueName\":\"search_term_string\"}}],\"inLanguage\":\"es\"},{\"@type\":\"Organization\",\"@id\":\"https:\/\/bioresis.com\/#organization\",\"name\":\"Bioresis\",\"url\":\"https:\/\/bioresis.com\/\",\"logo\":{\"@type\":\"ImageObject\",\"inLanguage\":\"es\",\"@id\":\"https:\/\/bioresis.com\/#\/schema\/logo\/image\/\",\"url\":\"https:\/\/bioresis.com\/wp-content\/uploads\/2023\/11\/bioresis-logo-2.png\",\"contentUrl\":\"https:\/\/bioresis.com\/wp-content\/uploads\/2023\/11\/bioresis-logo-2.png\",\"width\":4831,\"height\":2471,\"caption\":\"Bioresis\"},\"image\":{\"@id\":\"https:\/\/bioresis.com\/#\/schema\/logo\/image\/\"}}]}<\/script>\n<!-- \/ Yoast SEO plugin. -->","yoast_head_json":{"title":"indoor\/outdoor growing - Bioresis","robots":{"index":"index","follow":"follow","max-snippet":"max-snippet:-1","max-image-preview":"max-image-preview:large","max-video-preview":"max-video-preview:-1"},"canonical":"https:\/\/bioresis.com\/es\/indoor-outdoor-growing\/","og_locale":"es_ES","og_type":"article","og_title":"indoor\/outdoor growing - Bioresis","og_description":"Outdoor &#038; indoor growing\u200b Bioresis BioTerra 700 Biofertilizer Outdoor growing The dosages are given in litres. Ask the information on application when growing under cover from our regionalrepresentative. Wheat\/ barley\/ rye\/ oat\u00a0 Corn\u00a0 Sunflower\u00a0 Sugar-beet\u00a0 Rape\u00a0 Pea\/ soy\/chickpea\/ lentil\u00a0 Buckwheat\u00a0 Potato\u00a0 Cabbage\u00a0 Grape\u00a0 Currant\/ gooseberry etc.\u00a0 Citrus fruit\u00a0 Olive Tobacco etc. Carrot&nbsp; Rice&nbsp; Tomato&nbsp; Bellpepper&nbsp; [&hellip;]","og_url":"https:\/\/bioresis.com\/es\/indoor-outdoor-growing\/","og_site_name":"Bioresis","article_modified_time":"2023-11-06T13:49:27+00:00","twitter_card":"summary_large_image","twitter_misc":{"Tiempo de lectura":"1 minuto"},"schema":{"@context":"https:\/\/schema.org","@graph":[{"@type":"WebPage","@id":"https:\/\/bioresis.com\/indoor-outdoor-growing\/","url":"https:\/\/bioresis.com\/indoor-outdoor-growing\/","name":"indoor\/outdoor growing - Bioresis","isPartOf":{"@id":"https:\/\/bioresis.com\/#website"},"datePublished":"2023-11-05T20:11:24+00:00","dateModified":"2023-11-06T13:49:27+00:00","breadcrumb":{"@id":"https:\/\/bioresis.com\/indoor-outdoor-growing\/#breadcrumb"},"inLanguage":"es","potentialAction":[{"@type":"ReadAction","target":["https:\/\/bioresis.com\/indoor-outdoor-growing\/"]}]},{"@type":"BreadcrumbList","@id":"https:\/\/bioresis.com\/indoor-outdoor-growing\/#breadcrumb","itemListElement":[{"@type":"ListItem","position":1,"name":"Home","item":"https:\/\/bioresis.com\/"},{"@type":"ListItem","position":2,"name":"indoor\/outdoor growing"}]},{"@type":"WebSite","@id":"https:\/\/bioresis.com\/#website","url":"https:\/\/bioresis.com\/","name":"Bioresis","description":"Bioresis","publisher":{"@id":"https:\/\/bioresis.com\/#organization"},"potentialAction":[{"@type":"SearchAction","target":{"@type":"EntryPoint","urlTemplate":"https:\/\/bioresis.com\/?s={search_term_string}"},"query-input":{"@type":"PropertyValueSpecification","valueRequired":true,"valueName":"search_term_string"}}],"inLanguage":"es"},{"@type":"Organization","@id":"https:\/\/bioresis.com\/#organization","name":"Bioresis","url":"https:\/\/bioresis.com\/","logo":{"@type":"ImageObject","inLanguage":"es","@id":"https:\/\/bioresis.com\/#\/schema\/logo\/image\/","url":"https:\/\/bioresis.com\/wp-content\/uploads\/2023\/11\/bioresis-logo-2.png","contentUrl":"https:\/\/bioresis.com\/wp-content\/uploads\/2023\/11\/bioresis-logo-2.png","width":4831,"height":2471,"caption":"Bioresis"},"image":{"@id":"https:\/\/bioresis.com\/#\/schema\/logo\/image\/"}}]}},"_links":{"self":[{"href":"https:\/\/bioresis.com\/es\/wp-json\/wp\/v2\/pages\/4510","targetHints":{"allow":["GET"]}}],"collection":[{"href":"https:\/\/bioresis.com\/es\/wp-json\/wp\/v2\/pages"}],"about":[{"href":"https:\/\/bioresis.com\/es\/wp-json\/wp\/v2\/types\/page"}],"author":[{"embeddable":true,"href":"https:\/\/bioresis.com\/es\/wp-json\/wp\/v2\/users\/2"}],"replies":[{"embeddable":true,"href":"https:\/\/bioresis.com\/es\/wp-json\/wp\/v2\/comments?post=4510"}],"version-history":[{"count":0,"href":"https:\/\/bioresis.com\/es\/wp-json\/wp\/v2\/pages\/4510\/revisions"}],"wp:attachment":[{"href":"https:\/\/bioresis.com\/es\/wp-json\/wp\/v2\/media?parent=4510"}],"curies":[{"name":"wp","href":"https:\/\/api.w.org\/{rel}","templated":true}]}}