{"id":4138,"date":"2023-11-05T19:36:14","date_gmt":"2023-11-05T19:36:14","guid":{"rendered":"https:\/\/bioresis.com\/seed-treatment\/"},"modified":"2023-11-05T19:38:00","modified_gmt":"2023-11-05T19:38:00","slug":"seed-treatment","status":"publish","type":"page","link":"https:\/\/bioresis.com\/es\/seed-treatment\/","title":{"rendered":"Tratamiento de semillas"},"content":{"rendered":"<div data-elementor-type=\"wp-page\" data-elementor-id=\"4138\" class=\"elementor elementor-4138\" data-elementor-post-type=\"page\">\n\t\t\t\t\t\t<section class=\"elementor-section elementor-top-section elementor-element elementor-element-21d4f1a9 elementor-section-height-full elementor-section-boxed elementor-section-height-default elementor-section-items-middle\" data-id=\"21d4f1a9\" data-element_type=\"section\" data-settings=\"{&quot;background_background&quot;:&quot;classic&quot;,&quot;background_motion_fx_motion_fx_mouse&quot;:&quot;yes&quot;,&quot;background_motion_fx_mouseTrack_effect&quot;:&quot;yes&quot;,&quot;background_motion_fx_mouseTrack_speed&quot;:{&quot;unit&quot;:&quot;px&quot;,&quot;size&quot;:0.1000000000000000055511151231257827021181583404541015625,&quot;sizes&quot;:[]}}\">\n\t\t\t\t\t\t\t<div class=\"elementor-background-overlay\"><\/div>\n\t\t\t\t\t\t\t<div class=\"elementor-container elementor-column-gap-default\">\n\t\t\t\t\t<div class=\"elementor-column elementor-col-100 elementor-top-column elementor-element elementor-element-c8a6968\" data-id=\"c8a6968\" data-element_type=\"column\">\n\t\t\t<div class=\"elementor-widget-wrap elementor-element-populated\">\n\t\t\t\t\t\t<div class=\"elementor-element elementor-element-57aeb97e elementor-widget elementor-widget-heading\" data-id=\"57aeb97e\" data-element_type=\"widget\" data-widget_type=\"heading.default\">\n\t\t\t\t<div class=\"elementor-widget-container\">\n\t\t\t\t\t<h2 class=\"elementor-heading-title elementor-size-default\">Tratamientos de semillas<\/h2>\t\t\t\t<\/div>\n\t\t\t\t<\/div>\n\t\t\t\t<div class=\"elementor-element elementor-element-24d94f9c elementor-widget elementor-widget-text-editor\" data-id=\"24d94f9c\" data-element_type=\"widget\" data-widget_type=\"text-editor.default\">\n\t\t\t\t<div class=\"elementor-widget-container\">\n\t\t\t\t\t\t\t\t\t<p>Biofertilizante Bioresis BioTerra 700<\/p>\t\t\t\t\t\t\t\t<\/div>\n\t\t\t\t<\/div>\n\t\t\t\t\t<\/div>\n\t\t<\/div>\n\t\t\t\t\t<\/div>\n\t\t<\/section>\n\t\t\t\t<section class=\"elementor-section elementor-top-section elementor-element elementor-element-21aadced elementor-section-height-min-height elementor-section-boxed elementor-section-height-default elementor-section-items-middle\" data-id=\"21aadced\" data-element_type=\"section\">\n\t\t\t\t\t\t<div class=\"elementor-container elementor-column-gap-default\">\n\t\t\t\t\t<div class=\"elementor-column elementor-col-100 elementor-top-column elementor-element elementor-element-6468da9f\" data-id=\"6468da9f\" data-element_type=\"column\">\n\t\t\t<div class=\"elementor-widget-wrap elementor-element-populated\">\n\t\t\t\t\t\t<div class=\"elementor-element elementor-element-3ecfd850 elementor-invisible elementor-widget elementor-widget-heading\" data-id=\"3ecfd850\" data-element_type=\"widget\" data-settings=\"{&quot;_animation&quot;:&quot;fadeInUp&quot;}\" data-widget_type=\"heading.default\">\n\t\t\t\t<div class=\"elementor-widget-container\">\n\t\t\t\t\t<h2 class=\"elementor-heading-title elementor-size-default\">Tratamiento de semillas\n<\/h2>\t\t\t\t<\/div>\n\t\t\t\t<\/div>\n\t\t\t\t<div class=\"elementor-element elementor-element-2b2b51b4 elementor-widget elementor-widget-text-editor\" data-id=\"2b2b51b4\" data-element_type=\"widget\" data-widget_type=\"text-editor.default\">\n\t\t\t\t<div class=\"elementor-widget-container\">\n\t\t\t\t\t\t\t\t\t<p>Da forma a la planta y mejora la inmunidad.<\/p><p>0,5 a 0,8 l por 1 tonelada de semillas<\/p><p>El tratamiento de semillas se considera parte integrante de la mejora de la calidad del cultivo y de su rendimiento debido a la formaci\u00f3n correcta y mejorada del \u201csistema de transporte\u201d de la planta.<\/p><p>Despu\u00e9s del tratamiento de la semilla, debido al aumento de la energ\u00eda de la brotaci\u00f3n y a la estimulaci\u00f3n de procesos metab\u00f3licos espec\u00edficos en la planta, sucede lo siguiente:<\/p><ul><li>Se mejora el sistema inmunol\u00f3gico en las semillas, se estimula el crecimiento y el desarrollo de los brotes.<\/li><li>las semillas se liberan de una infecci\u00f3n superficial de las semillas<\/li><li>aumenta la capacidad de germinaci\u00f3n de la semilla en el campo (y en el laboratorio) (+3\u201315 %, media +5,5 %)<\/li><li>se aumenta la longitud del coleoptilo (trigo \u2014 38,4 mm, cebada \u2014 75,9 mm, avena \u2014 65,8 mm) y se forma un sistema radicular mejorado; (hasta +50 %)<\/li><li>Se potencian los efectos de los desinfectantes de semillas, lo que reduce considerablemente el efecto de las semillas con enfermedades f\u00fangicas causadas por una infecci\u00f3n interna de las semillas.<\/li><li>Se alivia el efecto negativo del da\u00f1o a las semillas de las plantas causado por herbicidas e insecticidas.<\/li><\/ul>\t\t\t\t\t\t\t\t<\/div>\n\t\t\t\t<\/div>\n\t\t\t\t<div class=\"elementor-element elementor-element-435b9d83 elementor-invisible elementor-widget elementor-widget-heading\" data-id=\"435b9d83\" data-element_type=\"widget\" data-settings=\"{&quot;_animation&quot;:&quot;fadeInUp&quot;}\" data-widget_type=\"heading.default\">\n\t\t\t\t<div class=\"elementor-widget-container\">\n\t\t\t\t\t<h2 class=\"elementor-heading-title elementor-size-default\">Tratamiento en combinaci\u00f3n con un herbicida.<\/h2>\t\t\t\t<\/div>\n\t\t\t\t<\/div>\n\t\t\t\t<div class=\"elementor-element elementor-element-125d9c3f elementor-widget elementor-widget-text-editor\" data-id=\"125d9c3f\" data-element_type=\"widget\" data-widget_type=\"text-editor.default\">\n\t\t\t\t<div class=\"elementor-widget-container\">\n\t\t\t\t\t\t\t\t\t<p>Elimina el estr\u00e9s y mejora la inmunidad.<\/p><p>0,3\u20130,5 l por 1 \u041d\u0430<\/p><ul><li>se alivia el estr\u00e9s del cultivo inducido por herbicidas; su duraci\u00f3n se reduce de 15 d\u00edas a 1<\/li><li>aporta al cultivo una nutrici\u00f3n adicional con \u00e1cidos y micronutrientes<\/li><li>mejora el proceso de formaci\u00f3n del sistema radicular secundario<\/li><li>mejora la inmunidad natural de la planta<\/li><li>mejora la conformaci\u00f3n del coleoptilo<\/li><li>mejora la conformaci\u00f3n del sistema radicular primario<\/li><li>aumenta la adaptaci\u00f3n de la planta a condiciones clim\u00e1ticas como sequ\u00edas, escalofr\u00edos, choques t\u00e9rmicos y humedad excesiva<\/li><li>acelera la formaci\u00f3n de las hojas inferiores<\/li><\/ul>\t\t\t\t\t\t\t\t<\/div>\n\t\t\t\t<\/div>\n\t\t\t\t<div class=\"elementor-element elementor-element-5f53959e elementor-invisible elementor-widget elementor-widget-heading\" data-id=\"5f53959e\" data-element_type=\"widget\" data-settings=\"{&quot;_animation&quot;:&quot;fadeInUp&quot;}\" data-widget_type=\"heading.default\">\n\t\t\t\t<div class=\"elementor-widget-container\">\n\t\t\t\t\t<h2 class=\"elementor-heading-title elementor-size-default\">F Y I<\/h2>\t\t\t\t<\/div>\n\t\t\t\t<\/div>\n\t\t\t\t<div class=\"elementor-element elementor-element-50c53b89 elementor-widget elementor-widget-text-editor\" data-id=\"50c53b89\" data-element_type=\"widget\" data-widget_type=\"text-editor.default\">\n\t\t\t\t<div class=\"elementor-widget-container\">\n\t\t\t\t\t\t\t\t\t<h3>Seg\u00fan la opini\u00f3n de los expertos<\/h3><p>\u00a0<\/p><h3><strong>50%<\/strong> del rendimiento depende de la zona de alimentaci\u00f3n de las plantas<\/h3><div>\u00a0<\/div><h3><strong>20%<\/strong> del rendimiento depende de las condiciones clim\u00e1ticas<\/h3><div>\u00a0<\/div><h3><strong>10%<\/strong> del rendimiento depende del genotipo de la variedad de la planta<\/h3><div>\u00a0<\/div><h3><br \/><strong>20%<\/strong> del rendimiento depende de otros factores (protecci\u00f3n, recolecci\u00f3n, etc.)<\/h3>\t\t\t\t\t\t\t\t<\/div>\n\t\t\t\t<\/div>\n\t\t\t\t<div class=\"elementor-element elementor-element-1389ee49 elementor-invisible elementor-widget elementor-widget-heading\" data-id=\"1389ee49\" data-element_type=\"widget\" data-settings=\"{&quot;_animation&quot;:&quot;fadeInUp&quot;}\" data-widget_type=\"heading.default\">\n\t\t\t\t<div class=\"elementor-widget-container\">\n\t\t\t\t\t<h2 class=\"elementor-heading-title elementor-size-default\">Tratamiento estimulante<\/h2>\t\t\t\t<\/div>\n\t\t\t\t<\/div>\n\t\t\t\t<div class=\"elementor-element elementor-element-7446d720 elementor-widget elementor-widget-text-editor\" data-id=\"7446d720\" data-element_type=\"widget\" data-widget_type=\"text-editor.default\">\n\t\t\t\t<div class=\"elementor-widget-container\">\n\t\t\t\t\t\t\t\t\t<p>mejora el rendimiento<\/p><p>1 a 2,5 l por 1 \u041d\u0430<\/p><ul><li>Se incrementa la adaptaci\u00f3n a las condiciones clim\u00e1ticas, por ejemplo, sequ\u00eda, heladas, choques t\u00e9rmicos y humedad excesiva.<\/li><li>Se reduce el efecto de condiciones externas desfavorables, por ejemplo, sequ\u00eda, fr\u00edo y humedad.<\/li><li>el n\u00famero de granos aumenta<\/li><li>el peso de los granos aumenta<\/li><li>el efecto de la fertilizaci\u00f3n mineral aumenta (-30 %)<\/li><li>las plantas se ven menos afectadas por las enfermedades (especialmente las f\u00fangicas)<\/li><li>el rendimiento aumenta (en un 10% y m\u00e1s)<\/li><\/ul>\t\t\t\t\t\t\t\t<\/div>\n\t\t\t\t<\/div>\n\t\t\t\t<div class=\"elementor-element elementor-element-2541f82c elementor-invisible elementor-widget elementor-widget-heading\" data-id=\"2541f82c\" data-element_type=\"widget\" data-settings=\"{&quot;_animation&quot;:&quot;fadeInUp&quot;}\" data-widget_type=\"heading.default\">\n\t\t\t\t<div class=\"elementor-widget-container\">\n\t\t\t\t\t<h2 class=\"elementor-heading-title elementor-size-default\">El tratamiento final<\/h2>\t\t\t\t<\/div>\n\t\t\t\t<\/div>\n\t\t\t\t<div class=\"elementor-element elementor-element-2b5ec201 elementor-widget elementor-widget-text-editor\" data-id=\"2b5ec201\" data-element_type=\"widget\" data-widget_type=\"text-editor.default\">\n\t\t\t\t<div class=\"elementor-widget-container\">\n\t\t\t\t\t\t\t\t\t<ul><li>aumenta la calidad del cultivo<\/li><li>aumenta el peso del fruto (grano)<\/li><li>aumenta el llenado de frutos (semillas)<\/li><li>aumenta el contenido de az\u00facar, prote\u00ednas, almid\u00f3n y vitaminas<\/li><li>prolonga la vida \u00fatil de la fruta<\/li><\/ul>\t\t\t\t\t\t\t\t<\/div>\n\t\t\t\t<\/div>\n\t\t\t\t\t<\/div>\n\t\t<\/div>\n\t\t\t\t\t<\/div>\n\t\t<\/section>\n\t\t\t\t<\/div>","protected":false},"excerpt":{"rendered":"<p>Seed Treatments Bioresis BioTerra 700 Biofertilizer Seed treatment Shapes the plant and enhances the immunity 0.5 to 0.8 l per 1 ton of seeds Seed treatment is considered part and parcel of the crop quality improvement and its yield enhancement due to correct and enhanced formation of the plant &#8220;transportation system&#8221;. After the seed treatment, [&hellip;]<\/p>","protected":false},"author":2,"featured_media":0,"parent":0,"menu_order":0,"comment_status":"closed","ping_status":"closed","template":"elementor_header_footer","meta":{"footnotes":""},"class_list":["post-4138","page","type-page","status-publish","hentry"],"yoast_head":"<!-- This site is optimized with the Yoast SEO plugin v24.6 - https:\/\/yoast.com\/wordpress\/plugins\/seo\/ -->\n<title>Seed treatment - Bioresis<\/title>\n<meta name=\"robots\" content=\"index, follow, max-snippet:-1, max-image-preview:large, max-video-preview:-1\" \/>\n<link rel=\"canonical\" href=\"https:\/\/bioresis.com\/es\/seed-treatment\/\" \/>\n<meta property=\"og:locale\" content=\"es_ES\" \/>\n<meta property=\"og:type\" content=\"article\" \/>\n<meta property=\"og:title\" content=\"Seed treatment - Bioresis\" \/>\n<meta property=\"og:description\" content=\"Seed Treatments Bioresis BioTerra 700 Biofertilizer Seed treatment Shapes the plant and enhances the immunity 0.5 to 0.8 l per 1 ton of seeds Seed treatment is considered part and parcel of the crop quality improvement and its yield enhancement due to correct and enhanced formation of the plant &#8220;transportation system&#8221;. After the seed treatment, [&hellip;]\" \/>\n<meta property=\"og:url\" content=\"https:\/\/bioresis.com\/es\/seed-treatment\/\" \/>\n<meta property=\"og:site_name\" content=\"Bioresis\" \/>\n<meta property=\"article:modified_time\" content=\"2023-11-05T19:38:00+00:00\" \/>\n<meta name=\"twitter:card\" content=\"summary_large_image\" \/>\n<meta name=\"twitter:label1\" content=\"Tiempo de lectura\" \/>\n\t<meta name=\"twitter:data1\" content=\"2 minutos\" \/>\n<script type=\"application\/ld+json\" class=\"yoast-schema-graph\">{\"@context\":\"https:\/\/schema.org\",\"@graph\":[{\"@type\":\"WebPage\",\"@id\":\"https:\/\/bioresis.com\/seed-treatment\/\",\"url\":\"https:\/\/bioresis.com\/seed-treatment\/\",\"name\":\"Seed treatment - Bioresis\",\"isPartOf\":{\"@id\":\"https:\/\/bioresis.com\/#website\"},\"datePublished\":\"2023-11-05T19:36:14+00:00\",\"dateModified\":\"2023-11-05T19:38:00+00:00\",\"breadcrumb\":{\"@id\":\"https:\/\/bioresis.com\/seed-treatment\/#breadcrumb\"},\"inLanguage\":\"es\",\"potentialAction\":[{\"@type\":\"ReadAction\",\"target\":[\"https:\/\/bioresis.com\/seed-treatment\/\"]}]},{\"@type\":\"BreadcrumbList\",\"@id\":\"https:\/\/bioresis.com\/seed-treatment\/#breadcrumb\",\"itemListElement\":[{\"@type\":\"ListItem\",\"position\":1,\"name\":\"Home\",\"item\":\"https:\/\/bioresis.com\/\"},{\"@type\":\"ListItem\",\"position\":2,\"name\":\"Seed treatment\"}]},{\"@type\":\"WebSite\",\"@id\":\"https:\/\/bioresis.com\/#website\",\"url\":\"https:\/\/bioresis.com\/\",\"name\":\"Bioresis\",\"description\":\"Bioresis\",\"publisher\":{\"@id\":\"https:\/\/bioresis.com\/#organization\"},\"potentialAction\":[{\"@type\":\"SearchAction\",\"target\":{\"@type\":\"EntryPoint\",\"urlTemplate\":\"https:\/\/bioresis.com\/?s={search_term_string}\"},\"query-input\":{\"@type\":\"PropertyValueSpecification\",\"valueRequired\":true,\"valueName\":\"search_term_string\"}}],\"inLanguage\":\"es\"},{\"@type\":\"Organization\",\"@id\":\"https:\/\/bioresis.com\/#organization\",\"name\":\"Bioresis\",\"url\":\"https:\/\/bioresis.com\/\",\"logo\":{\"@type\":\"ImageObject\",\"inLanguage\":\"es\",\"@id\":\"https:\/\/bioresis.com\/#\/schema\/logo\/image\/\",\"url\":\"https:\/\/bioresis.com\/wp-content\/uploads\/2023\/11\/bioresis-logo-2.png\",\"contentUrl\":\"https:\/\/bioresis.com\/wp-content\/uploads\/2023\/11\/bioresis-logo-2.png\",\"width\":4831,\"height\":2471,\"caption\":\"Bioresis\"},\"image\":{\"@id\":\"https:\/\/bioresis.com\/#\/schema\/logo\/image\/\"}}]}<\/script>\n<!-- \/ Yoast SEO plugin. -->","yoast_head_json":{"title":"Seed treatment - Bioresis","robots":{"index":"index","follow":"follow","max-snippet":"max-snippet:-1","max-image-preview":"max-image-preview:large","max-video-preview":"max-video-preview:-1"},"canonical":"https:\/\/bioresis.com\/es\/seed-treatment\/","og_locale":"es_ES","og_type":"article","og_title":"Seed treatment - Bioresis","og_description":"Seed Treatments Bioresis BioTerra 700 Biofertilizer Seed treatment Shapes the plant and enhances the immunity 0.5 to 0.8 l per 1 ton of seeds Seed treatment is considered part and parcel of the crop quality improvement and its yield enhancement due to correct and enhanced formation of the plant &#8220;transportation system&#8221;. After the seed treatment, [&hellip;]","og_url":"https:\/\/bioresis.com\/es\/seed-treatment\/","og_site_name":"Bioresis","article_modified_time":"2023-11-05T19:38:00+00:00","twitter_card":"summary_large_image","twitter_misc":{"Tiempo de lectura":"2 minutos"},"schema":{"@context":"https:\/\/schema.org","@graph":[{"@type":"WebPage","@id":"https:\/\/bioresis.com\/seed-treatment\/","url":"https:\/\/bioresis.com\/seed-treatment\/","name":"Seed treatment - Bioresis","isPartOf":{"@id":"https:\/\/bioresis.com\/#website"},"datePublished":"2023-11-05T19:36:14+00:00","dateModified":"2023-11-05T19:38:00+00:00","breadcrumb":{"@id":"https:\/\/bioresis.com\/seed-treatment\/#breadcrumb"},"inLanguage":"es","potentialAction":[{"@type":"ReadAction","target":["https:\/\/bioresis.com\/seed-treatment\/"]}]},{"@type":"BreadcrumbList","@id":"https:\/\/bioresis.com\/seed-treatment\/#breadcrumb","itemListElement":[{"@type":"ListItem","position":1,"name":"Home","item":"https:\/\/bioresis.com\/"},{"@type":"ListItem","position":2,"name":"Seed treatment"}]},{"@type":"WebSite","@id":"https:\/\/bioresis.com\/#website","url":"https:\/\/bioresis.com\/","name":"Bioresis","description":"Bioresis","publisher":{"@id":"https:\/\/bioresis.com\/#organization"},"potentialAction":[{"@type":"SearchAction","target":{"@type":"EntryPoint","urlTemplate":"https:\/\/bioresis.com\/?s={search_term_string}"},"query-input":{"@type":"PropertyValueSpecification","valueRequired":true,"valueName":"search_term_string"}}],"inLanguage":"es"},{"@type":"Organization","@id":"https:\/\/bioresis.com\/#organization","name":"Bioresis","url":"https:\/\/bioresis.com\/","logo":{"@type":"ImageObject","inLanguage":"es","@id":"https:\/\/bioresis.com\/#\/schema\/logo\/image\/","url":"https:\/\/bioresis.com\/wp-content\/uploads\/2023\/11\/bioresis-logo-2.png","contentUrl":"https:\/\/bioresis.com\/wp-content\/uploads\/2023\/11\/bioresis-logo-2.png","width":4831,"height":2471,"caption":"Bioresis"},"image":{"@id":"https:\/\/bioresis.com\/#\/schema\/logo\/image\/"}}]}},"_links":{"self":[{"href":"https:\/\/bioresis.com\/es\/wp-json\/wp\/v2\/pages\/4138","targetHints":{"allow":["GET"]}}],"collection":[{"href":"https:\/\/bioresis.com\/es\/wp-json\/wp\/v2\/pages"}],"about":[{"href":"https:\/\/bioresis.com\/es\/wp-json\/wp\/v2\/types\/page"}],"author":[{"embeddable":true,"href":"https:\/\/bioresis.com\/es\/wp-json\/wp\/v2\/users\/2"}],"replies":[{"embeddable":true,"href":"https:\/\/bioresis.com\/es\/wp-json\/wp\/v2\/comments?post=4138"}],"version-history":[{"count":0,"href":"https:\/\/bioresis.com\/es\/wp-json\/wp\/v2\/pages\/4138\/revisions"}],"wp:attachment":[{"href":"https:\/\/bioresis.com\/es\/wp-json\/wp\/v2\/media?parent=4138"}],"curies":[{"name":"wp","href":"https:\/\/api.w.org\/{rel}","templated":true}]}}